{"id":1014,"date":"2025-06-04T09:12:23","date_gmt":"2025-06-04T07:12:23","guid":{"rendered":"https:\/\/taunale.de\/?page_id=1014"},"modified":"2025-07-07T08:20:57","modified_gmt":"2025-07-07T06:20:57","slug":"netzwerk-breakfast","status":"publish","type":"page","link":"https:\/\/taunale.de\/en\/netzwerk-breakfast\/","title":{"rendered":"Netzwerk and Coffee"},"content":{"rendered":"<p>[et_pb_section fb_built=&#8220;1&#8243; _builder_version=&#8220;4.27.4&#8243; _module_preset=&#8220;default&#8220; background_enable_image=&#8220;off&#8220; locked=&#8220;off&#8220; global_colors_info=&#8220;{}&#8220;][et_pb_row _builder_version=&#8220;4.18.0&#8243; _module_preset=&#8220;default&#8220; custom_margin=&#8220;20px||||false|false&#8220; custom_padding=&#8220;||0px||false|false&#8220; global_colors_info=&#8220;{}&#8220;][et_pb_column type=&#8220;4_4&#8243; _builder_version=&#8220;4.16&#8243; _module_preset=&#8220;default&#8220; global_colors_info=&#8220;{}&#8220;][et_pb_text _builder_version=&#8220;4.27.4&#8243; _module_preset=&#8220;default&#8220; text_text_color=&#8220;#303030&#8243; header_font=&#8220;|||on|||||&#8220; header_text_align=&#8220;center&#8220; header_text_color=&#8220;#303030&#8243; header_font_size=&#8220;60px&#8220; header_letter_spacing=&#8220;6px&#8220; header_2_font=&#8220;|||on|||||&#8220; header_2_text_align=&#8220;center&#8220; header_2_font_size=&#8220;54px&#8220; header_2_letter_spacing=&#8220;6px&#8220; header_3_font_size=&#8220;21px&#8220; custom_margin=&#8220;0px||120px||false|false&#8220; custom_margin_tablet=&#8220;0px||120px||false|false&#8220; custom_margin_phone=&#8220;||0px||false|false&#8220; custom_margin_last_edited=&#8220;on|phone&#8220; custom_padding=&#8220;0px||0px||false|false&#8220; header_font_size_tablet=&#8220;60px&#8220; header_font_size_phone=&#8220;28px&#8220; header_font_size_last_edited=&#8220;on|phone&#8220; header_2_font_size_tablet=&#8220;54px&#8220; header_2_font_size_phone=&#8220;36px&#8220; header_2_font_size_last_edited=&#8220;on|phone&#8220; locked=&#8220;off&#8220; global_colors_info=&#8220;{}&#8220;]<\/p>\n<h1>Netzwerk Coffee<\/h1>\n<p>[\/et_pb_text][\/et_pb_column][\/et_pb_row][\/et_pb_section][et_pb_section fb_built=&#8220;1&#8243; _builder_version=&#8220;4.27.4&#8243; _module_preset=&#8220;default&#8220; custom_margin=&#8220;||60px||false|false&#8220; custom_margin_tablet=&#8220;||60px||false|false&#8220; custom_margin_phone=&#8220;||60px||false|false&#8220; custom_margin_last_edited=&#8220;on|phone&#8220; global_colors_info=&#8220;{}&#8220;][et_pb_row column_structure=&#8220;3_5,2_5&#8243; custom_padding_last_edited=&#8220;on|phone&#8220; _builder_version=&#8220;4.27.4&#8243; _module_preset=&#8220;default&#8220; custom_margin=&#8220;||60px||false|false&#8220; custom_margin_tablet=&#8220;||60px||false|false&#8220; custom_margin_phone=&#8220;||0px||false|false&#8220; custom_margin_last_edited=&#8220;on|phone&#8220; custom_padding_tablet=&#8220;&#8220; custom_padding_phone=&#8220;||0px||false|false&#8220; global_colors_info=&#8220;{}&#8220;][et_pb_column type=&#8220;3_5&#8243; _builder_version=&#8220;4.23.1&#8243; _module_preset=&#8220;default&#8220; global_colors_info=&#8220;{}&#8220;][et_pb_text _builder_version=&#8220;4.27.4&#8243; _module_preset=&#8220;default&#8220; header_font=&#8220;|||on|||||&#8220; header_text_align=&#8220;center&#8220; header_text_color=&#8220;#303030&#8243; header_font_size=&#8220;60px&#8220; header_letter_spacing=&#8220;6px&#8220; header_2_font=&#8220;|||on|||||&#8220; header_2_text_align=&#8220;center&#8220; header_2_font_size=&#8220;28px&#8220; header_2_letter_spacing=&#8220;2px&#8220; header_3_font_size=&#8220;21px&#8220; header_3_line_height=&#8220;1.5em&#8220; text_orientation=&#8220;center&#8220; hover_enabled=&#8220;0&#8243; header_font_size_tablet=&#8220;60px&#8220; header_font_size_phone=&#8220;48px&#8220; header_font_size_last_edited=&#8220;on|phone&#8220; header_2_font_size_tablet=&#8220;54px&#8220; header_2_font_size_phone=&#8220;24px&#8220; header_2_font_size_last_edited=&#8220;on|phone&#8220; header_3_font_size_tablet=&#8220;21px&#8220; header_3_font_size_phone=&#8220;18px&#8220; header_3_font_size_last_edited=&#8220;on|phone&#8220; header_3_line_height_tablet=&#8220;1.5em&#8220; header_3_line_height_phone=&#8220;1.5em&#8220; header_3_line_height_last_edited=&#8220;on|phone&#8220; locked=&#8220;off&#8220; global_colors_info=&#8220;{}&#8220; sticky_enabled=&#8220;0&#8243;]<\/p>\n<h2><strong>Netzwerken und Coffee<\/strong><\/h2>\n<h3>Samstag, 09. August 2025, 11:00 &#8211; 13:00 Uhr<\/h3>\n<p>[\/et_pb_text][et_pb_text admin_label=&#8220;Text deutsch&#8220; _builder_version=&#8220;4.27.4&#8243; _module_preset=&#8220;4a359bdb-65c6-4b23-8ecf-28f25f02762a&#8220; vertical_offset_tablet=&#8220;0&#8243; horizontal_offset_tablet=&#8220;0&#8243; hover_enabled=&#8220;0&#8243; z_index_tablet=&#8220;0&#8243; text_text_shadow_horizontal_length_tablet=&#8220;0px&#8220; text_text_shadow_vertical_length_tablet=&#8220;0px&#8220; text_text_shadow_blur_strength_tablet=&#8220;1px&#8220; link_text_shadow_horizontal_length_tablet=&#8220;0px&#8220; link_text_shadow_vertical_length_tablet=&#8220;0px&#8220; link_text_shadow_blur_strength_tablet=&#8220;1px&#8220; ul_text_shadow_horizontal_length_tablet=&#8220;0px&#8220; ul_text_shadow_vertical_length_tablet=&#8220;0px&#8220; ul_text_shadow_blur_strength_tablet=&#8220;1px&#8220; ol_text_shadow_horizontal_length_tablet=&#8220;0px&#8220; ol_text_shadow_vertical_length_tablet=&#8220;0px&#8220; ol_text_shadow_blur_strength_tablet=&#8220;1px&#8220; quote_text_shadow_horizontal_length_tablet=&#8220;0px&#8220; quote_text_shadow_vertical_length_tablet=&#8220;0px&#8220; quote_text_shadow_blur_strength_tablet=&#8220;1px&#8220; header_text_shadow_horizontal_length_tablet=&#8220;0px&#8220; header_text_shadow_vertical_length_tablet=&#8220;0px&#8220; header_text_shadow_blur_strength_tablet=&#8220;1px&#8220; header_2_text_shadow_horizontal_length_tablet=&#8220;0px&#8220; header_2_text_shadow_vertical_length_tablet=&#8220;0px&#8220; header_2_text_shadow_blur_strength_tablet=&#8220;1px&#8220; header_3_text_shadow_horizontal_length_tablet=&#8220;0px&#8220; header_3_text_shadow_vertical_length_tablet=&#8220;0px&#8220; header_3_text_shadow_blur_strength_tablet=&#8220;1px&#8220; header_4_text_shadow_horizontal_length_tablet=&#8220;0px&#8220; header_4_text_shadow_vertical_length_tablet=&#8220;0px&#8220; header_4_text_shadow_blur_strength_tablet=&#8220;1px&#8220; header_5_text_shadow_horizontal_length_tablet=&#8220;0px&#8220; header_5_text_shadow_vertical_length_tablet=&#8220;0px&#8220; header_5_text_shadow_blur_strength_tablet=&#8220;1px&#8220; header_6_text_shadow_horizontal_length_tablet=&#8220;0px&#8220; header_6_text_shadow_vertical_length_tablet=&#8220;0px&#8220; header_6_text_shadow_blur_strength_tablet=&#8220;1px&#8220; box_shadow_horizontal_tablet=&#8220;0px&#8220; box_shadow_vertical_tablet=&#8220;0px&#8220; box_shadow_blur_tablet=&#8220;40px&#8220; box_shadow_spread_tablet=&#8220;0px&#8220; global_colors_info=&#8220;{}&#8220; sticky_enabled=&#8220;0&#8243;]<\/p>\n<blockquote>\n<div class=\"hHq9Z\">\n<div data-hveid=\"CA8QAA\" data-ved=\"2ahUKEwi7yLDjssmFAxX6iv0HHbKuCCcQlcAGegQIDxAA\">\n<div class=\"KsRP6\">\n<div class=\"MDY31c\">\n<div class=\"QpPSMb\">\n<div class=\"DoxwDb\">\n<div class=\"PZPZlf ssJ7i B5dxMb\" role=\"heading\" aria-level=\"2\" data-attrid=\"title\">&#8222;Mut beginnt damit, dass man erscheint und sich sehen l\u00e4sst.&#8220;<\/div>\n<div role=\"heading\" aria-level=\"2\" data-attrid=\"title\"><\/div>\n<div class=\"PZPZlf ssJ7i B5dxMb\" role=\"heading\" aria-level=\"2\" data-attrid=\"title\">Bren\u00e9 Brown<\/div>\n<\/div>\n<\/div>\n<div class=\"nwVKo\">\n<div class=\"loJjTe\">\n<div class=\"iAIpCb PZPZlf\" role=\"heading\" aria-level=\"3\" data-attrid=\"subtitle\">Amerikanische Autorin<\/div>\n<\/div>\n<\/div>\n<\/div>\n<\/div>\n<\/div>\n<\/div>\n<\/blockquote>\n<p>Treffen Sie sich zu unserem Netzwerk &amp; Coffee in entspannter Atmosph\u00e4re in unserem Festivalzentrum, dem elaya Hotel in Oberursel.<\/p>\n<p>Bei Kaffee &amp; Croissant haben Sie die Gelegenheit andere Festivalbesucher kennenzulernen und sich untereinander auszutauschen. Ob Filmschaffende, Filmbegeisterte oder solche, die es werden wollen &#8211; nutzen Sie die Gelegenheit, sich zu vernetzen.<\/p>\n<p>[\/et_pb_text][et_pb_text admin_label=&#8220;Facts&#8220; _builder_version=&#8220;4.27.4&#8243; _module_preset=&#8220;4a359bdb-65c6-4b23-8ecf-28f25f02762a&#8220; header_font=&#8220;||||||||&#8220; header_3_font=&#8220;Verdana||||||||&#8220; header_3_line_height=&#8220;1.5em&#8220; hover_enabled=&#8220;0&#8243; global_colors_info=&#8220;{}&#8220; sticky_enabled=&#8220;0&#8243;]<\/p>\n<h3>Facts<\/h3>\n<p><strong>Location<\/strong>: \u00a0\u00a0<a href=\"https:\/\/filmfest-oberursel.de\/festivalcenter\/\">Festival Zentrum elaya Hotel<\/a>, Oberursel<br \/><strong>Wann<\/strong>:\u00a0 \u00a0 \u00a0 \u00a0 \u00a0<span style=\"color: #db4237;\"><strong>Samstag, 09. August 2025, 11:00 &#8211; 13:00 Uhr<\/strong><\/span><\/p>\n<p><strong>Freier Eintritt<\/strong> &#8211; nach Anmeldung:<\/p>\n<p><span style=\"color: #db4237;\"><strong><\/strong><\/span><\/p>\n<p>[\/et_pb_text][et_pb_button button_url=&#8220;https:\/\/www.ticketino.com\/de\/Event\/Netzwerk-Breakfast\/205199&#8243; url_new_window=&#8220;on&#8220; button_text=&#8220;Gratis-Ticket&#8220; button_alignment=&#8220;center&#8220; admin_label=&#8220;Ticket Part I&#8220; _builder_version=&#8220;4.27.4&#8243; _module_preset=&#8220;3ef9b0f4-fa9e-401a-af15-ca8d7260c021&#8243; custom_button=&#8220;on&#8220; button_bg_color=&#8220;#B31A1A&#8220; button_bg_use_color_gradient=&#8220;on&#8220; button_bg_color_gradient_direction=&#8220;120deg&#8220; button_bg_color_gradient_stops=&#8220;#e82222 0%|#b31a1a 50%&#8220; button_border_width=&#8220;1px&#8220; button_border_color=&#8220;#B31A1A&#8220; button_border_radius=&#8220;24px&#8220; button_use_icon=&#8220;on&#8220; button_icon=&#8220;&#x35;||divi||400&#8243; custom_padding=&#8220;||||false|false&#8220; button_text_size_tablet=&#8220;16px&#8220; button_text_size_phone=&#8220;&#8220; button_text_size_last_edited=&#8220;on|tablet&#8220; locked=&#8220;off&#8220; global_colors_info=&#8220;{}&#8220; button_bg_color__hover=&#8220;#B31A1A&#8220; button_bg_color__hover_enabled=&#8220;on|hover&#8220;][\/et_pb_button][\/et_pb_column][et_pb_column type=&#8220;2_5&#8243; _builder_version=&#8220;4.23.1&#8243; _module_preset=&#8220;default&#8220; global_colors_info=&#8220;{}&#8220;][et_pb_image src=&#8220;http:\/\/taunale.de\/wp-content\/uploads\/2025\/06\/coffee-5495609_1920.jpg&#8220; title_text=&#8220;coffee-5495609_1920&#8243; _builder_version=&#8220;4.27.4&#8243; _module_preset=&#8220;default&#8220; custom_margin_tablet=&#8220;&#8220; custom_margin_phone=&#8220;48px||||false|false&#8220; custom_margin_last_edited=&#8220;on|phone&#8220; global_colors_info=&#8220;{}&#8220;][\/et_pb_image][\/et_pb_column][\/et_pb_row][\/et_pb_section][et_pb_section fb_built=&#8220;1&#8243; _builder_version=&#8220;4.27.4&#8243; _module_preset=&#8220;default&#8220; custom_margin=&#8220;90px||90px||false|false&#8220; global_colors_info=&#8220;{}&#8220;][et_pb_row column_structure=&#8220;1_3,1_3,1_3&#8243; _builder_version=&#8220;4.23.1&#8243; _module_preset=&#8220;default&#8220; global_colors_info=&#8220;{}&#8220;][et_pb_column type=&#8220;1_3&#8243; _builder_version=&#8220;4.23.1&#8243; _module_preset=&#8220;default&#8220; global_colors_info=&#8220;{}&#8220;][et_pb_image src=&#8220;http:\/\/taunale.de\/wp-content\/uploads\/2025\/06\/coffee-7513410_1280.jpg&#8220; title_text=&#8220;coffee-7513410_1280&#8243; _builder_version=&#8220;4.23.1&#8243; _module_preset=&#8220;default&#8220; global_colors_info=&#8220;{}&#8220;][\/et_pb_image][\/et_pb_column][et_pb_column type=&#8220;1_3&#8243; _builder_version=&#8220;4.23.1&#8243; _module_preset=&#8220;default&#8220; global_colors_info=&#8220;{}&#8220;][et_pb_image src=&#8220;http:\/\/taunale.de\/wp-content\/uploads\/2025\/06\/restaurant-8398055_1280.jpg&#8220; title_text=&#8220;restaurant-8398055_1280&#8243; _builder_version=&#8220;4.23.1&#8243; _module_preset=&#8220;default&#8220; global_colors_info=&#8220;{}&#8220;][\/et_pb_image][\/et_pb_column][et_pb_column type=&#8220;1_3&#8243; _builder_version=&#8220;4.23.1&#8243; _module_preset=&#8220;default&#8220; global_colors_info=&#8220;{}&#8220;][et_pb_image src=&#8220;http:\/\/taunale.de\/wp-content\/uploads\/2025\/06\/tables-6087304_1280.jpg&#8220; title_text=&#8220;tables-6087304_1280&#8243; _builder_version=&#8220;4.23.1&#8243; _module_preset=&#8220;default&#8220; global_colors_info=&#8220;{}&#8220;][\/et_pb_image][\/et_pb_column][\/et_pb_row][\/et_pb_section]<\/p>\n","protected":false},"excerpt":{"rendered":"<p>Netzwerk CoffeeNetzwerken und Coffee Samstag, 09. August 2025, 11:00 &#8211; 13:00 Uhr &#8222;Mut beginnt damit, dass man erscheint und sich sehen l\u00e4sst.&#8220; Bren\u00e9 Brown Amerikanische Autorin Treffen Sie sich zu unserem Netzwerk &amp; Coffee in entspannter Atmosph\u00e4re in unserem Festivalzentrum, dem elaya Hotel in Oberursel. Bei Kaffee &amp; Croissant haben Sie die Gelegenheit andere Festivalbesucher [&hellip;]<\/p>\n","protected":false},"author":2,"featured_media":0,"parent":0,"menu_order":0,"comment_status":"closed","ping_status":"closed","template":"","meta":{"_et_pb_use_builder":"on","_et_pb_old_content":"","_et_gb_content_width":"","footnotes":""},"class_list":["post-1014","page","type-page","status-publish","hentry"],"_links":{"self":[{"href":"https:\/\/taunale.de\/en\/wp-json\/wp\/v2\/pages\/1014","targetHints":{"allow":["GET"]}}],"collection":[{"href":"https:\/\/taunale.de\/en\/wp-json\/wp\/v2\/pages"}],"about":[{"href":"https:\/\/taunale.de\/en\/wp-json\/wp\/v2\/types\/page"}],"author":[{"embeddable":true,"href":"https:\/\/taunale.de\/en\/wp-json\/wp\/v2\/users\/2"}],"replies":[{"embeddable":true,"href":"https:\/\/taunale.de\/en\/wp-json\/wp\/v2\/comments?post=1014"}],"version-history":[{"count":18,"href":"https:\/\/taunale.de\/en\/wp-json\/wp\/v2\/pages\/1014\/revisions"}],"predecessor-version":[{"id":2122,"href":"https:\/\/taunale.de\/en\/wp-json\/wp\/v2\/pages\/1014\/revisions\/2122"}],"wp:attachment":[{"href":"https:\/\/taunale.de\/en\/wp-json\/wp\/v2\/media?parent=1014"}],"curies":[{"name":"wp","href":"https:\/\/api.w.org\/{rel}","templated":true}]}}