{"id":161,"date":"2025-05-01T06:41:25","date_gmt":"2025-05-01T04:41:25","guid":{"rendered":"https:\/\/taunale.de\/?page_id=161"},"modified":"2026-04-14T17:36:06","modified_gmt":"2026-04-14T15:36:06","slug":"programm","status":"publish","type":"page","link":"https:\/\/taunale.de\/en\/programm\/","title":{"rendered":"Program"},"content":{"rendered":"<p>[et_pb_section fb_built=&#8220;1&#8243; custom_padding_last_edited=&#8220;on|phone&#8220; _builder_version=&#8220;4.27.4&#8243; _module_preset=&#8220;default&#8220; custom_margin=&#8220;120px||||false|false&#8220; custom_margin_tablet=&#8220;120px||||false|false&#8220; custom_margin_phone=&#8220;0px||||false|false&#8220; custom_margin_last_edited=&#8220;on|phone&#8220; custom_padding_tablet=&#8220;&#8220; custom_padding_phone=&#8220;0px||0px||false|false&#8220; global_colors_info=&#8220;{}&#8220;][et_pb_row _builder_version=&#8220;4.27.4&#8243; _module_preset=&#8220;default&#8220; global_colors_info=&#8220;{}&#8220;][et_pb_column type=&#8220;4_4&#8243; _builder_version=&#8220;4.27.4&#8243; _module_preset=&#8220;default&#8220; global_colors_info=&#8220;{}&#8220;][et_pb_text _builder_version=&#8220;4.27.4&#8243; _module_preset=&#8220;default&#8220; text_text_color=&#8220;#303030&#8243; header_font=&#8220;|||on|||||&#8220; header_text_align=&#8220;center&#8220; header_text_color=&#8220;#303030&#8243; header_font_size=&#8220;60px&#8220; header_letter_spacing=&#8220;6px&#8220; header_2_font=&#8220;|||on|||||&#8220; header_2_text_align=&#8220;center&#8220; header_2_font_size=&#8220;54px&#8220; header_2_letter_spacing=&#8220;6px&#8220; header_3_font_size=&#8220;21px&#8220; custom_margin=&#8220;0px||0px||false|false&#8220; custom_padding=&#8220;0px||0px||false|false&#8220; header_font_size_tablet=&#8220;60px&#8220; header_font_size_phone=&#8220;28px&#8220; header_font_size_last_edited=&#8220;on|phone&#8220; header_line_height_tablet=&#8220;&#8220; header_line_height_phone=&#8220;1.2em&#8220; header_line_height_last_edited=&#8220;on|phone&#8220; header_2_font_size_tablet=&#8220;54px&#8220; header_2_font_size_phone=&#8220;36px&#8220; header_2_font_size_last_edited=&#8220;on|phone&#8220; global_colors_info=&#8220;{}&#8220;]<\/p>\n<h1>Das Programm 2026<\/h1>\n<p>[\/et_pb_text][et_pb_text _builder_version=&#8220;4.27.4&#8243; _module_preset=&#8220;default&#8220; text_text_color=&#8220;#303030&#8243; text_font_size=&#8220;16px&#8220; header_font=&#8220;|||on|||||&#8220; header_text_align=&#8220;center&#8220; header_text_color=&#8220;#303030&#8243; header_font_size=&#8220;60px&#8220; header_letter_spacing=&#8220;6px&#8220; header_2_font=&#8220;|||on|||||&#8220; header_2_text_align=&#8220;center&#8220; header_2_font_size=&#8220;54px&#8220; header_2_letter_spacing=&#8220;6px&#8220; header_3_font_size=&#8220;21px&#8220; header_3_line_height=&#8220;1.5em&#8220; text_orientation=&#8220;center&#8220; custom_margin=&#8220;60px||60px||true|false&#8220; custom_padding=&#8220;||||false|false&#8220; hover_enabled=&#8220;0&#8243; header_font_size_tablet=&#8220;60px&#8220; header_font_size_phone=&#8220;48px&#8220; header_font_size_last_edited=&#8220;on|phone&#8220; header_2_font_size_tablet=&#8220;54px&#8220; header_2_font_size_phone=&#8220;36px&#8220; header_2_font_size_last_edited=&#8220;on|phone&#8220; header_3_line_height_tablet=&#8220;&#8220; header_3_line_height_phone=&#8220;1.5em&#8220; header_3_line_height_last_edited=&#8220;on|phone&#8220; locked=&#8220;off&#8220; global_colors_info=&#8220;{}&#8220; sticky_enabled=&#8220;0&#8243;]<\/p>\n<div data-renderer=\"lm\">\n<h3 class=\"my-2 [&amp;+p]:mt-4 [&amp;_strong:has(+br)]:inline-block [&amp;_strong:has(+br)]:pb-2\"><strong>Das Filmfest w\u00e4chst!<\/strong><\/h3>\n<p class=\"my-2 [&amp;+p]:mt-4 [&amp;_strong:has(+br)]:inline-block [&amp;_strong:has(+br)]:pb-2\">Wir freuen uns, unser Filmfest in diesem Jahr auf <strong>f\u00fcnf Tage voller Film, Networking, Workshops und Kultur<\/strong> zu erweitern.<\/p>\n<p class=\"my-2 [&amp;+p]:mt-4 [&amp;_strong:has(+br)]:inline-block [&amp;_strong:has(+br)]:pb-2\">Den Auftakt macht am <strong>Mittwoch<\/strong> unsere feierliche <strong>Er\u00f6ffnungsgala am Abend <\/strong>mit anschlie\u00dfender Afterparty.<\/p>\n<p class=\"my-2 [&amp;+p]:mt-4 [&amp;_strong:has(+br)]:inline-block [&amp;_strong:has(+br)]:pb-2\">Am <strong>Donnerstag<\/strong> erwartet euch ein abwechslungsreiches Programm mit <strong>Langfilmen, Workshops und Networking<\/strong>. <span>Au\u00dferdem \u00f6ffnet an diesem Tag die begleitende <\/span><strong>Kunstausstellung<\/strong><span>, die bis <\/span><strong>Sonntag<\/strong><span> zu sehen ist.<\/span> Am Abend laden wir dann zum <strong>Open-Air-Kurzfilmabend im Rushmoor Park<\/strong> ein.<\/p>\n<p class=\"my-2 [&amp;+p]:mt-4 [&amp;_strong:has(+br)]:inline-block [&amp;_strong:has(+br)]:pb-2\">Auch der <strong>Freitag<\/strong> steht ganz im Zeichen des Festivals: Tags\u00fcber gibt es erneut <strong>Langfilme, Workshops und Networking<\/strong>, bevor wir am Abend wieder gemeinsam unter freiem Himmel Kurzfilme im Rushmoor Park erleben. Im Anschluss feiern wir bei der <strong>After-Shorts-Party<\/strong> weiter.<\/p>\n<p class=\"my-2 [&amp;+p]:mt-4 [&amp;_strong:has(+br)]:inline-block [&amp;_strong:has(+br)]:pb-2\">Am <strong>Samstag<\/strong> setzt sich das Programm tags\u00fcber mit <strong>Filmen und Workshops <\/strong>fort. Den festlichen H\u00f6hepunkt bildet am Abend die <strong>Preisverleihung mit anschlie\u00dfender exklusiven Aftershow-Party<\/strong>.<\/p>\n<p class=\"my-2 [&amp;+p]:mt-4 [&amp;_strong:has(+br)]:inline-block [&amp;_strong:has(+br)]:pb-2\"><span>Am <\/span><strong>Sonntag<\/strong><span> klingt das Filmfest mit <\/span><strong>zwei Kunstausstellungen<\/strong><span> aus.<\/span><\/p>\n<p class=\"my-2 [&amp;+p]:mt-4 [&amp;_strong:has(+br)]:inline-block [&amp;_strong:has(+br)]:pb-2\">F\u00fcnf Tage lang wird das Filmfest zu einem Ort f\u00fcr spannende Filme, inspirierende Gespr\u00e4che und kulturelle Begegnungen \u2014 wir freuen uns auf euch!<\/p>\n<h3 class=\"my-2 [&amp;+p]:mt-4 [&amp;_strong:has(+br)]:inline-block [&amp;_strong:has(+br)]:pb-2\"><\/h3>\n<h3 class=\"my-2 [&amp;+p]:mt-4 [&amp;_strong:has(+br)]:inline-block [&amp;_strong:has(+br)]:pb-2\"><\/h3>\n<h3 class=\"my-2 [&amp;+p]:mt-4 [&amp;_strong:has(+br)]:inline-block [&amp;_strong:has(+br)]:pb-2\"><\/h3>\n<h3 class=\"my-2 [&amp;+p]:mt-4 [&amp;_strong:has(+br)]:inline-block [&amp;_strong:has(+br)]:pb-2\"><strong>Das genaue Programm ver\u00f6ffentlichen wir in K\u00fcrze.<\/strong><\/h3>\n<\/div>\n<p>[\/et_pb_text][et_pb_code _builder_version=&#8220;4.27.4&#8243; _module_preset=&#8220;default&#8220; global_colors_info=&#8220;{}&#8220;]<script><!-- [et_pb_line_break_holder] -->  fbq('track', 'ViewContent', {<!-- [et_pb_line_break_holder] -->    content_name: 'Programm',<!-- [et_pb_line_break_holder] -->  });<!-- [et_pb_line_break_holder] --><\/script>[\/et_pb_code][\/et_pb_column][\/et_pb_row][et_pb_row disabled_on=&#8220;on|on|on&#8220; _builder_version=&#8220;4.27.4&#8243; _module_preset=&#8220;default&#8220; width=&#8220;95%&#8220; max_width=&#8220;100%&#8220; module_alignment=&#8220;center&#8220; custom_margin=&#8220;48px||48px||true|false&#8220; custom_margin_tablet=&#8220;48px||48px||true|false&#8220; custom_margin_phone=&#8220;0px||||false|false&#8220; custom_margin_last_edited=&#8220;on|phone&#8220; disabled=&#8220;on&#8220; global_colors_info=&#8220;{}&#8220;][et_pb_column type=&#8220;4_4&#8243; _builder_version=&#8220;4.27.4&#8243; _module_preset=&#8220;default&#8220; global_colors_info=&#8220;{}&#8220;][et_pb_image src=&#8220;https:\/\/taunale.de\/wp-content\/uploads\/2025\/08\/Programmuebersicht-2025-scaled.jpg&#8220; title_text=&#8220;Programmheft 2025.afpub&#8220; url=&#8220;https:\/\/taunale.de\/wp-content\/uploads\/2025\/07\/Programmuebersicht_2025-scaled.webp&#8220; align=&#8220;center&#8220; disabled_on=&#8220;off|off|off&#8220; _builder_version=&#8220;4.27.4&#8243; _module_preset=&#8220;default&#8220; global_colors_info=&#8220;{}&#8220;][\/et_pb_image][et_pb_button button_url=&#8220;https:\/\/taunale.de\/wp-content\/uploads\/2025\/07\/Programmuebersicht_2025-scaled.webp&#8220; url_new_window=&#8220;on&#8220; button_text=&#8220;Zur Programm\u00fcbersicht&#8220; button_alignment=&#8220;center&#8220; disabled_on=&#8220;off|on|on&#8220; _builder_version=&#8220;4.27.4&#8243; _module_preset=&#8220;default&#8220; custom_button=&#8220;on&#8220; button_text_size=&#8220;18px&#8220; button_text_color=&#8220;#FFFFFF&#8220; button_bg_color=&#8220;#B31A1A&#8220; button_bg_use_color_gradient=&#8220;on&#8220; button_bg_color_gradient_direction=&#8220;120deg&#8220; button_bg_color_gradient_stops=&#8220;#e82222 0%|#b31a1a 50%&#8220; button_border_width=&#8220;1px&#8220; button_border_color=&#8220;#B31A1A&#8220; button_border_radius=&#8220;24px&#8220; button_icon=&#8220;&#x35;||divi||400&#8243; button_icon_color=&#8220;#FFFFFF&#8220; custom_margin=&#8220;60px||||false|false&#8220; custom_padding=&#8220;||||false|false&#8220; button_text_size_tablet=&#8220;16px&#8220; button_text_size_phone=&#8220;16px&#8220; button_text_size_last_edited=&#8220;on|tablet&#8220; locked=&#8220;off&#8220; global_colors_info=&#8220;{}&#8220; button_bg_color__hover=&#8220;#B31A1A&#8220; button_bg_color__hover_enabled=&#8220;on|hover&#8220; button_bg_use_color_gradient__hover=&#8220;on&#8220; button_bg_color_gradient_direction__hover=&#8220;100deg&#8220; button_bg_color_gradient_stops__hover=&#8220;#b31a1a 50%|#e22222 100%&#8220;][\/et_pb_button][\/et_pb_column][\/et_pb_row][et_pb_row custom_padding_last_edited=&#8220;on|phone&#8220; disabled_on=&#8220;on|on|on&#8220; _builder_version=&#8220;4.27.4&#8243; _module_preset=&#8220;default&#8220; custom_margin_tablet=&#8220;&#8220; custom_margin_phone=&#8220;||||false|false&#8220; custom_margin_last_edited=&#8220;on|phone&#8220; custom_padding_tablet=&#8220;&#8220; custom_padding_phone=&#8220;||0px||false|false&#8220; disabled=&#8220;on&#8220; global_colors_info=&#8220;{}&#8220;][et_pb_column type=&#8220;4_4&#8243; _builder_version=&#8220;4.27.4&#8243; _module_preset=&#8220;default&#8220; global_colors_info=&#8220;{}&#8220;][et_pb_text content_tablet=&#8220;<\/p>\n<h2>Unser Programm im Detail<\/h2>\n<p>&#8220; content_phone=&#8220;<\/p>\n<h2>Unser Programm<br \/>im Detail<\/h2>\n<p>&#8220; content_last_edited=&#8220;on|phone&#8220; _builder_version=&#8220;4.27.4&#8243; _module_preset=&#8220;default&#8220; text_text_color=&#8220;#303030&#8243; header_font=&#8220;|||on|||||&#8220; header_text_align=&#8220;center&#8220; header_text_color=&#8220;#303030&#8243; header_font_size=&#8220;60px&#8220; header_letter_spacing=&#8220;6px&#8220; header_2_font=&#8220;|||on|||||&#8220; header_2_text_align=&#8220;center&#8220; header_2_font_size=&#8220;48px&#8220; header_2_letter_spacing=&#8220;6px&#8220; header_3_font_size=&#8220;21px&#8220; custom_margin=&#8220;0px||0px||false|false&#8220; custom_padding=&#8220;0px||0px||false|false&#8220; header_font_size_tablet=&#8220;60px&#8220; header_font_size_phone=&#8220;24px&#8220; header_font_size_last_edited=&#8220;on|phone&#8220; header_2_font_size_tablet=&#8220;54px&#8220; header_2_font_size_phone=&#8220;22px&#8220; header_2_font_size_last_edited=&#8220;on|phone&#8220; header_2_line_height_tablet=&#8220;&#8220; header_2_line_height_phone=&#8220;1.2em&#8220; header_2_line_height_last_edited=&#8220;on|phone&#8220; global_colors_info=&#8220;{}&#8220;]<\/p>\n<h2>Unser Programm im Detail<\/h2>\n<p>[\/et_pb_text][\/et_pb_column][\/et_pb_row][et_pb_row disabled_on=&#8220;on|on|on&#8220; _builder_version=&#8220;4.27.4&#8243; _module_preset=&#8220;default&#8220; disabled=&#8220;on&#8220; global_colors_info=&#8220;{}&#8220;][et_pb_column type=&#8220;4_4&#8243; _builder_version=&#8220;4.27.4&#8243; _module_preset=&#8220;default&#8220; global_colors_info=&#8220;{}&#8220;][et_pb_button button_url=&#8220;https:\/\/taunale.de\/wp-content\/uploads\/2025\/07\/Programmheft-Taunus-Filmfest-Oberursel-2025.pdf&#8220; url_new_window=&#8220;on&#8220; button_text=&#8220;Zum Programmheft&#8220; button_alignment=&#8220;center&#8220; disabled_on=&#8220;off|off|off&#8220; _builder_version=&#8220;4.27.4&#8243; _module_preset=&#8220;default&#8220; custom_button=&#8220;on&#8220; button_text_size=&#8220;18px&#8220; button_text_color=&#8220;#FFFFFF&#8220; button_bg_color=&#8220;#B31A1A&#8220; button_bg_use_color_gradient=&#8220;on&#8220; button_bg_color_gradient_direction=&#8220;120deg&#8220; button_bg_color_gradient_stops=&#8220;#e82222 0%|#b31a1a 50%&#8220; button_border_width=&#8220;1px&#8220; button_border_color=&#8220;#B31A1A&#8220; button_border_radius=&#8220;24px&#8220; button_icon=&#8220;&#x35;||divi||400&#8243; button_icon_color=&#8220;#FFFFFF&#8220; custom_margin=&#8220;||||false|false&#8220; custom_padding=&#8220;||||false|false&#8220; button_text_size_tablet=&#8220;16px&#8220; button_text_size_phone=&#8220;16px&#8220; button_text_size_last_edited=&#8220;on|tablet&#8220; locked=&#8220;off&#8220; global_colors_info=&#8220;{}&#8220; button_bg_color__hover=&#8220;#B31A1A&#8220; button_bg_color__hover_enabled=&#8220;on|hover&#8220; button_bg_use_color_gradient__hover=&#8220;on&#8220; button_bg_color_gradient_direction__hover=&#8220;100deg&#8220; button_bg_color_gradient_stops__hover=&#8220;#b31a1a 50%|#e22222 100%&#8220;][\/et_pb_button][\/et_pb_column][\/et_pb_row][et_pb_row column_structure=&#8220;1_2,1_2&#8243; disabled_on=&#8220;on|on|on&#8220; _builder_version=&#8220;4.27.4&#8243; _module_preset=&#8220;default&#8220; background_color=&#8220;RGBA(255,255,255,0)&#8220; custom_margin=&#8220;60px||60px||true|false&#8220; custom_margin_tablet=&#8220;60px||60px||true|false&#8220; custom_margin_phone=&#8220;30px||||false|false&#8220; custom_margin_last_edited=&#8220;on|phone&#8220; custom_padding=&#8220;||||false|false&#8220; disabled=&#8220;on&#8220; global_colors_info=&#8220;{}&#8220;][et_pb_column type=&#8220;1_2&#8243; _builder_version=&#8220;4.27.4&#8243; _module_preset=&#8220;default&#8220; global_colors_info=&#8220;{}&#8220;][et_pb_text _builder_version=&#8220;4.27.4&#8243; _dynamic_attributes=&#8220;link_option_url&#8220; _module_preset=&#8220;default&#8220; text_text_color=&#8220;#303030&#8243; header_2_text_color=&#8220;#303030&#8243; link_option_url=&#8220;@ET-DC@eyJkeW5hbWljIjp0cnVlLCJjb250ZW50IjoicG9zdF9saW5rX3VybF9wYWdlIiwic2V0dGluZ3MiOnsicG9zdF9pZCI6Ijk0OSJ9fQ==@&#8220; global_colors_info=&#8220;{}&#8220;]<\/p>\n<h2><span style=\"text-decoration: underline;\">Gala<br \/><\/span><\/h2>\n<p>Donnerstag, 07. August<br \/>Ab 19 Uhr &#8211; open end<br \/>Location: elaya Hotel (Festival-Zentrum)<\/p>\n<p>[\/et_pb_text][et_pb_text _builder_version=&#8220;4.27.4&#8243; _dynamic_attributes=&#8220;link_option_url&#8220; _module_preset=&#8220;default&#8220; text_text_color=&#8220;#303030&#8243; header_2_text_color=&#8220;#303030&#8243; link_option_url=&#8220;@ET-DC@eyJkeW5hbWljIjp0cnVlLCJjb250ZW50IjoicG9zdF9saW5rX3VybF9wYWdlIiwic2V0dGluZ3MiOnsicG9zdF9pZCI6IjcyNSJ9fQ==@&#8220; global_colors_info=&#8220;{}&#8220;]<\/p>\n<h2><span style=\"text-decoration: underline;\">Workshops<\/span><\/h2>\n<p>Freitag 08. August, ca. 11:00 \u2013 19:00 Uhr<br \/>Samstag, 09. August, ca. 11:00 &#8211; 19:00 Uhr<br \/>Location: u.a. elaya Hotel (Festival-Zentrum)<\/p>\n<p>[\/et_pb_text][et_pb_text _builder_version=&#8220;4.27.4&#8243; _dynamic_attributes=&#8220;link_option_url&#8220; _module_preset=&#8220;default&#8220; text_text_color=&#8220;#303030&#8243; header_2_text_color=&#8220;#303030&#8243; link_option_url=&#8220;@ET-DC@eyJkeW5hbWljIjp0cnVlLCJjb250ZW50IjoicG9zdF9saW5rX3VybF9wYWdlIiwic2V0dGluZ3MiOnsicG9zdF9pZCI6IjE2NjUifX0=@&#8220; global_colors_info=&#8220;{}&#8220;]<\/p>\n<h2><span style=\"text-decoration: underline;\">Langfilme<\/span><\/h2>\n<p>Freitag, 08. August \u2013 Samstag, 09. August<br \/>Von 11:00 &#8211; 21:00 Uhr<br \/>Location: Stadthalle Oberursel, Kinopolis Bad Homburg<\/p>\n<p>[\/et_pb_text][et_pb_text disabled_on=&#8220;off|off|off&#8220; _builder_version=&#8220;4.27.4&#8243; _dynamic_attributes=&#8220;link_option_url&#8220; _module_preset=&#8220;default&#8220; text_text_color=&#8220;#303030&#8243; header_2_text_color=&#8220;#303030&#8243; custom_padding=&#8220;6px||||false|false&#8220; custom_padding_tablet=&#8220;6px||||false|false&#8220; custom_padding_phone=&#8220;6px||||false|false&#8220; custom_padding_last_edited=&#8220;on|desktop&#8220; link_option_url=&#8220;@ET-DC@eyJkeW5hbWljIjp0cnVlLCJjb250ZW50IjoicG9zdF9saW5rX3VybF9wYWdlIiwic2V0dGluZ3MiOnsicG9zdF9pZCI6IjEwNjMifX0=@&#8220; global_colors_info=&#8220;{}&#8220;]<\/p>\n<h2><span style=\"text-decoration: underline;\">Preisverleihung \/ Matinee<\/span><\/h2>\n<p>Sonntag, 10. August<br \/>Von 11:00 \u2013 15:30 Uhr<br \/>Location: elaya Hotel (Festival-Zentrum)<\/p>\n<p>[\/et_pb_text][et_pb_text disabled_on=&#8220;off|off|off&#8220; _builder_version=&#8220;4.27.4&#8243; _dynamic_attributes=&#8220;link_option_url&#8220; _module_preset=&#8220;default&#8220; text_text_color=&#8220;#303030&#8243; header_2_text_color=&#8220;#303030&#8243; custom_padding=&#8220;6px||||false|false&#8220; custom_padding_tablet=&#8220;6px||||false|false&#8220; custom_padding_phone=&#8220;6px||||false|false&#8220; custom_padding_last_edited=&#8220;on|desktop&#8220; link_option_url=&#8220;@ET-DC@eyJkeW5hbWljIjp0cnVlLCJjb250ZW50IjoicG9zdF9saW5rX3VybF9wYWdlIiwic2V0dGluZ3MiOnsicG9zdF9pZCI6IjIwNTkifX0=@&#8220; global_colors_info=&#8220;{}&#8220;]<\/p>\n<h2><span style=\"text-decoration: underline;\">Cocktail-Event: Hollywood Classics <\/span><\/h2>\n<p>Samstag, 09. August<br \/>Von 17:00 \u2013 19:00 Uhr<br \/>Location: Foyer des elaya Hotels, Oberursel<\/p>\n<p>[\/et_pb_text][et_pb_text disabled_on=&#8220;off|off|on&#8220; _builder_version=&#8220;4.27.4&#8243; _dynamic_attributes=&#8220;link_option_url&#8220; _module_preset=&#8220;default&#8220; text_text_color=&#8220;#303030&#8243; header_2_text_color=&#8220;#303030&#8243; link_option_url=&#8220;@ET-DC@eyJkeW5hbWljIjp0cnVlLCJjb250ZW50IjoicG9zdF9saW5rX3VybF9wYWdlIiwic2V0dGluZ3MiOnsicG9zdF9pZCI6IjEwNDUifX0=@&#8220; global_colors_info=&#8220;{}&#8220;]<\/p>\n<h2><span style=\"text-decoration: underline;\">Kurzfilmrolle<\/span><\/h2>\n<p>Freitag, 08. August \u2013 Samstag, 09. August<br \/>Von 18:30 \u2013 23:00 Uhr<br \/>Location: Rushmoor-Park<\/p>\n<p>[\/et_pb_text][et_pb_text disabled_on=&#8220;off|off|on&#8220; _builder_version=&#8220;4.27.4&#8243; _dynamic_attributes=&#8220;link_option_url&#8220; _module_preset=&#8220;default&#8220; text_text_color=&#8220;#303030&#8243; header_2_text_color=&#8220;#303030&#8243; link_option_url=&#8220;@ET-DC@eyJkeW5hbWljIjp0cnVlLCJjb250ZW50IjoicG9zdF9saW5rX3VybF9wYWdlIiwic2V0dGluZ3MiOnsicG9zdF9pZCI6IjExMDQifX0=@&#8220; global_colors_info=&#8220;{}&#8220;]<\/p>\n<h2><span style=\"text-decoration: underline;\">After Shorts Party<\/span><\/h2>\n<p>Freitag, 08. August<br \/>Ab 23:00 Uhr &#8211; open end <br \/>Location: O&amp;O Hotel Oberursel<\/p>\n<p>[\/et_pb_text][et_pb_text disabled_on=&#8220;off|off|on&#8220; _builder_version=&#8220;4.27.4&#8243; _dynamic_attributes=&#8220;link_option_url&#8220; _module_preset=&#8220;default&#8220; text_text_color=&#8220;#303030&#8243; header_2_text_color=&#8220;#303030&#8243; link_option_url=&#8220;@ET-DC@eyJkeW5hbWljIjp0cnVlLCJjb250ZW50IjoicG9zdF9saW5rX3VybF9wYWdlIiwic2V0dGluZ3MiOnsicG9zdF9pZCI6IjEwMTQifX0=@&#8220; global_colors_info=&#8220;{}&#8220;]<\/p>\n<h2><span style=\"text-decoration: underline;\">Netzwerk Breakfast<\/span><\/h2>\n<p>Samstag, 09. August<br \/>Von 11:00 \u2013 13:00 Uhr<br \/>Location: elaya Hotel (Festival-Zentrum)<\/p>\n<p>[\/et_pb_text][et_pb_text disabled_on=&#8220;off|off|on&#8220; _builder_version=&#8220;4.27.4&#8243; _dynamic_attributes=&#8220;link_option_url&#8220; _module_preset=&#8220;default&#8220; text_text_color=&#8220;#303030&#8243; header_2_text_color=&#8220;#303030&#8243; custom_margin=&#8220;||||false|false&#8220; custom_margin_tablet=&#8220;||||false|false&#8220; custom_margin_phone=&#8220;||||false|false&#8220; custom_margin_last_edited=&#8220;on|desktop&#8220; custom_padding=&#8220;12px||||false|false&#8220; custom_padding_tablet=&#8220;12px||||false|false&#8220; custom_padding_phone=&#8220;12px||||false|false&#8220; custom_padding_last_edited=&#8220;on|desktop&#8220; link_option_url=&#8220;@ET-DC@eyJkeW5hbWljIjp0cnVlLCJjb250ZW50IjoicG9zdF9saW5rX3VybF9wYWdlIiwic2V0dGluZ3MiOnsicG9zdF9pZCI6IjczNCJ9fQ==@&#8220; global_colors_info=&#8220;{}&#8220;]<\/p>\n<h2><span style=\"text-decoration: underline;\">Kunstausstellung Tine Stock<\/span><\/h2>\n<p>Dauerausstellung durchgehend ge\u00f6ffnet w\u00e4hrend folgender Zeiten: <br \/>Freitag, 08. August, 11:00 \u2013 20:00 Uhr, <br \/>Samstag, 09. August, 11:00 \u2013 20:00 Uhr<br \/>Sonntag, 10.August, 11:00 \u2013 16:00 Uhr<\/p>\n<p>Vernissage mit Vortrag und Trailer zum Film<br \/>Freitag, 08. August, 18:00 &#8211; 19:30 Uhr,<br \/>Location: elaya Hotel (Festival-Zentrum)<\/p>\n<p>[\/et_pb_text][\/et_pb_column][et_pb_column type=&#8220;1_2&#8243; _builder_version=&#8220;4.27.4&#8243; _module_preset=&#8220;default&#8220; custom_padding=&#8220;|||90px|false|false&#8220; global_colors_info=&#8220;{}&#8220;][et_pb_text disabled_on=&#8220;on|on|off&#8220; _builder_version=&#8220;4.27.4&#8243; _dynamic_attributes=&#8220;link_option_url&#8220; _module_preset=&#8220;default&#8220; text_text_color=&#8220;#303030&#8243; header_2_text_color=&#8220;#303030&#8243; link_option_url=&#8220;@ET-DC@eyJkeW5hbWljIjp0cnVlLCJjb250ZW50IjoicG9zdF9saW5rX3VybF9wYWdlIiwic2V0dGluZ3MiOnsicG9zdF9pZCI6IjEwNDUifX0=@&#8220; global_colors_info=&#8220;{}&#8220;]<\/p>\n<h2><span style=\"text-decoration: underline;\">Kurzfilmrolle<\/span><\/h2>\n<p>Freitag, 08. August \u2013 Samstag, 09. August<br \/>Von 19:00 \u2013 23:00 Uhr<br \/>Location: Rushmoor-Park Oberursel<\/p>\n<p>[\/et_pb_text][et_pb_text disabled_on=&#8220;on|on|off&#8220; _builder_version=&#8220;4.27.4&#8243; _dynamic_attributes=&#8220;link_option_url&#8220; _module_preset=&#8220;default&#8220; text_text_color=&#8220;#303030&#8243; header_2_text_color=&#8220;#303030&#8243; link_option_url=&#8220;@ET-DC@eyJkeW5hbWljIjp0cnVlLCJjb250ZW50IjoicG9zdF9saW5rX3VybF9wYWdlIiwic2V0dGluZ3MiOnsicG9zdF9pZCI6IjExMDQifX0=@&#8220; global_colors_info=&#8220;{}&#8220;]<\/p>\n<h2><span style=\"text-decoration: underline;\">After Shorts Party<\/span><\/h2>\n<p>Freitag, 08. August<br \/>Ab 23:00 Uhr &#8211; open end<br \/>Location: O&amp;O Hotel Oberursel<\/p>\n<p>[\/et_pb_text][et_pb_text disabled_on=&#8220;on|on|off&#8220; _builder_version=&#8220;4.27.4&#8243; _dynamic_attributes=&#8220;link_option_url&#8220; _module_preset=&#8220;default&#8220; text_text_color=&#8220;#303030&#8243; header_2_text_color=&#8220;#303030&#8243; link_option_url=&#8220;@ET-DC@eyJkeW5hbWljIjp0cnVlLCJjb250ZW50IjoicG9zdF9saW5rX3VybF9wYWdlIiwic2V0dGluZ3MiOnsicG9zdF9pZCI6IjEwMTQifX0=@&#8220; global_colors_info=&#8220;{}&#8220;]<\/p>\n<h2><span style=\"text-decoration: underline;\">Netzwerk &#038; Coffee<\/span><\/h2>\n<p>Samstag, 09. August<br \/>\nVon 11:00 \u2013 13:00 Uhr<br \/>\nLocation: elaya Hotel (Festival-Zentrum)[\/et_pb_text][et_pb_text disabled_on=&#8220;on|on|off&#8220; _builder_version=&#8220;4.27.4&#8243; _dynamic_attributes=&#8220;link_option_url&#8220; _module_preset=&#8220;default&#8220; text_text_color=&#8220;#303030&#8243; header_2_text_color=&#8220;#303030&#8243; custom_margin=&#8220;||||false|false&#8220; custom_margin_tablet=&#8220;||||false|false&#8220; custom_margin_phone=&#8220;||||false|false&#8220; custom_margin_last_edited=&#8220;on|desktop&#8220; custom_padding=&#8220;12px||||false|false&#8220; custom_padding_tablet=&#8220;12px||||false|false&#8220; custom_padding_phone=&#8220;12px||||false|false&#8220; custom_padding_last_edited=&#8220;on|desktop&#8220; link_option_url=&#8220;@ET-DC@eyJkeW5hbWljIjp0cnVlLCJjb250ZW50IjoicG9zdF9saW5rX3VybF9wYWdlIiwic2V0dGluZ3MiOnsicG9zdF9pZCI6IjczNCJ9fQ==@&#8220; global_colors_info=&#8220;{}&#8220;]<\/p>\n<h2><span style=\"text-decoration: underline;\">Kunstausstellung Tine Stock<\/span><\/h2>\n<p>Dauerausstellung durchgehend ge\u00f6ffnet w\u00e4hrend folgender Zeiten:<br \/>Freitag, 08. August, 11:00 \u2013 20:00 Uhr,<br \/>Samstag, 09. August, 11:00 \u2013 20:00 Uhr<br \/>Sonntag, 10. August, 11:00 \u2013 16:00 Uhr<\/p>\n<p>Vernissage mit Vortrag und Trailer zum Film<br \/>Freitag, 08. August, 18:00 &#8211; 19:30 Uhr,<br \/>Location: elaya Hotel (Festival-Zentrum)<\/p>\n<p>[\/et_pb_text][\/et_pb_column][\/et_pb_row][\/et_pb_section]<\/p>\n","protected":false},"excerpt":{"rendered":"<p>Das Programm 2026 Das Filmfest w\u00e4chst! Wir freuen uns, unser Filmfest in diesem Jahr auf f\u00fcnf Tage voller Film, Networking, Workshops und Kultur zu erweitern. Den Auftakt macht am Mittwoch unsere feierliche Er\u00f6ffnungsgala am Abend mit anschlie\u00dfender Afterparty. Am Donnerstag erwartet euch ein abwechslungsreiches Programm mit Langfilmen, Workshops und Networking. Au\u00dferdem \u00f6ffnet an diesem Tag [&hellip;]<\/p>\n","protected":false},"author":2,"featured_media":0,"parent":0,"menu_order":0,"comment_status":"closed","ping_status":"closed","template":"","meta":{"_et_pb_use_builder":"on","_et_pb_old_content":"","_et_gb_content_width":"","footnotes":""},"class_list":["post-161","page","type-page","status-publish","hentry"],"_links":{"self":[{"href":"https:\/\/taunale.de\/en\/wp-json\/wp\/v2\/pages\/161","targetHints":{"allow":["GET"]}}],"collection":[{"href":"https:\/\/taunale.de\/en\/wp-json\/wp\/v2\/pages"}],"about":[{"href":"https:\/\/taunale.de\/en\/wp-json\/wp\/v2\/types\/page"}],"author":[{"embeddable":true,"href":"https:\/\/taunale.de\/en\/wp-json\/wp\/v2\/users\/2"}],"replies":[{"embeddable":true,"href":"https:\/\/taunale.de\/en\/wp-json\/wp\/v2\/comments?post=161"}],"version-history":[{"count":99,"href":"https:\/\/taunale.de\/en\/wp-json\/wp\/v2\/pages\/161\/revisions"}],"predecessor-version":[{"id":3600,"href":"https:\/\/taunale.de\/en\/wp-json\/wp\/v2\/pages\/161\/revisions\/3600"}],"wp:attachment":[{"href":"https:\/\/taunale.de\/en\/wp-json\/wp\/v2\/media?parent=161"}],"curies":[{"name":"wp","href":"https:\/\/api.w.org\/{rel}","templated":true}]}}