{"id":162,"date":"2025-05-01T06:41:25","date_gmt":"2025-05-01T04:41:25","guid":{"rendered":"https:\/\/taunale.de\/?page_id=162"},"modified":"2026-04-27T10:16:23","modified_gmt":"2026-04-27T08:16:23","slug":"tickets","status":"publish","type":"page","link":"https:\/\/taunale.de\/en\/tickets\/","title":{"rendered":"Tickets"},"content":{"rendered":"<p>[et_pb_section fb_built=&#8220;1&#8243; disabled_on=&#8220;on|on|off&#8220; _builder_version=&#8220;4.27.4&#8243; _module_preset=&#8220;default&#8220; custom_margin=&#8220;0px||0px||false|false&#8220; custom_padding=&#8220;0px||0px||false|false&#8220; locked=&#8220;off&#8220; global_colors_info=&#8220;{}&#8220;][et_pb_row _builder_version=&#8220;4.27.4&#8243; _module_preset=&#8220;default&#8220; custom_margin=&#8220;0px|0px|0px|0px|true|true&#8220; custom_padding=&#8220;0px|0px|0px|0px|false|true&#8220; global_colors_info=&#8220;{}&#8220;][et_pb_column type=&#8220;4_4&#8243; _builder_version=&#8220;4.27.4&#8243; _module_preset=&#8220;default&#8220; global_colors_info=&#8220;{}&#8220;][et_pb_video src=&#8220;https:\/\/taunale.de\/wp-content\/uploads\/2025\/06\/FFO_Tag01_V1-0007.mp4&#8243; module_class=&#8220;divicake-autoplay-btn&#8220; _builder_version=&#8220;4.27.4&#8243; _module_preset=&#8220;default&#8220; background_enable_video_mp4=&#8220;off&#8220; width=&#8220;100vw&#8220; module_alignment=&#8220;center&#8220; height=&#8220;100%&#8220; custom_margin=&#8220;0px|0px|0px|0px|true|false&#8220; custom_padding=&#8220;0px|0px|0px|0px|false|false&#8220; global_colors_info=&#8220;{}&#8220;][\/et_pb_video][\/et_pb_column][\/et_pb_row][\/et_pb_section][et_pb_section fb_built=&#8220;1&#8243; _builder_version=&#8220;4.27.4&#8243; _module_preset=&#8220;default&#8220; custom_margin=&#8220;40px||||false|false&#8220; global_colors_info=&#8220;{}&#8220;][et_pb_row _builder_version=&#8220;4.27.4&#8243; _module_preset=&#8220;default&#8220; custom_margin=&#8220;90px||45px||false|false&#8220; locked=&#8220;off&#8220; global_colors_info=&#8220;{}&#8220;][et_pb_column type=&#8220;4_4&#8243; _builder_version=&#8220;4.27.4&#8243; _module_preset=&#8220;default&#8220; global_colors_info=&#8220;{}&#8220;][et_pb_text _builder_version=&#8220;4.27.4&#8243; _module_preset=&#8220;default&#8220; header_font=&#8220;|||on|||||&#8220; header_text_align=&#8220;center&#8220; header_text_color=&#8220;#303030&#8243; header_font_size=&#8220;60px&#8220; header_letter_spacing=&#8220;6px&#8220; header_2_font=&#8220;|||on|||||&#8220; header_2_text_align=&#8220;center&#8220; header_2_font_size=&#8220;54px&#8220; header_2_letter_spacing=&#8220;6px&#8220; header_3_font_size=&#8220;21px&#8220; custom_margin=&#8220;0px||0px||false|false&#8220; custom_padding=&#8220;0px||0px||false|false&#8220; header_font_size_tablet=&#8220;60px&#8220; header_font_size_phone=&#8220;24px&#8220; header_font_size_last_edited=&#8220;on|phone&#8220; header_2_font_size_tablet=&#8220;54px&#8220; header_2_font_size_phone=&#8220;36px&#8220; header_2_font_size_last_edited=&#8220;on|phone&#8220; global_colors_info=&#8220;{}&#8220;]<\/p>\n<h1 style=\"text-align: center;\"><strong>Tickets<\/strong><\/h1>\n<p>[\/et_pb_text][et_pb_text _builder_version=&#8220;4.27.4&#8243; _module_preset=&#8220;default&#8220; text_text_color=&#8220;#303030&#8243; text_font_size=&#8220;15px&#8220; text_line_height=&#8220;1.6em&#8220; text_orientation=&#8220;center&#8220; custom_margin=&#8220;24px||||false|false&#8220; custom_padding=&#8220;||||false|false&#8220; hover_enabled=&#8220;0&#8243; global_colors_info=&#8220;{}&#8220; sticky_enabled=&#8220;0&#8243;]<\/p>\n<div data-renderer=\"lm\">\n<h4 class=\"my-2 [&amp;+p]:mt-4 [&amp;_strong:has(+br)]:inline-block [&amp;_strong:has(+br)]:pb-2\"><strong>Die Tickets f\u00fcr unsere Er\u00f6ffnungsgala und den Festivalpass sind ab sofort online erh\u00e4ltlich.<\/strong><\/h4>\n<p><strong><\/strong><\/p>\n<p class=\"my-2 [&amp;+p]:mt-4 [&amp;_strong:has(+br)]:inline-block [&amp;_strong:has(+br)]:pb-2\">Erleben Sie einen besonderen Festivalauftakt mit stilvollem Sektempfang, der Vorf\u00fchrung unseres Er\u00f6ffnungsfilms sowie einem anschlie\u00dfenden Filmgespr\u00e4ch mit ausgew\u00e4hlten G\u00e4sten. Zum Abschluss klingt der Abend bei Live-Musik in stimmungsvoller Atmosph\u00e4re aus.<\/p>\n<p class=\"my-2 [&amp;+p]:mt-4 [&amp;_strong:has(+br)]:inline-block [&amp;_strong:has(+br)]:pb-2\"><strong>Sichern Sie sich fr\u00fchzeitig Ihre Tickets \u2013 die Pl\u00e4tze sind begrenzt.<\/strong><\/p>\n<p class=\"my-2 [&amp;+p]:mt-4 [&amp;_strong:has(+br)]:inline-block [&amp;_strong:has(+br)]:pb-2\">Auch der <strong>Festivalpass ist ab sofort verf\u00fcgbar<\/strong> und bietet Ihnen <strong>exklusiven Zugang zu s\u00e4mtlichen Veranstaltungen des Filmfests.<\/strong><\/p>\n<p class=\"my-2 [&amp;+p]:mt-4 [&amp;_strong:has(+br)]:inline-block [&amp;_strong:has(+br)]:pb-2\">Das vollst\u00e4ndige Programm wird in K\u00fcrze bekannt gegeben.<\/p>\n<\/div>\n<p>[\/et_pb_text][et_pb_button button_url=&#8220;https:\/\/www.ticketino.com\/de\/Event\/ER-FFNUNGSGALA\/214658&#8243; url_new_window=&#8220;on&#8220; button_text=&#8220;Tickets&#8220; button_alignment=&#8220;center&#8220; _builder_version=&#8220;4.27.4&#8243; _module_preset=&#8220;default&#8220; custom_button=&#8220;on&#8220; button_text_size=&#8220;18px&#8220; button_text_color=&#8220;#FFFFFF&#8220; button_bg_color=&#8220;#B31A1A&#8220; button_bg_use_color_gradient=&#8220;on&#8220; button_bg_color_gradient_direction=&#8220;120deg&#8220; button_bg_color_gradient_stops=&#8220;#e82222 0%|#b31a1a 50%&#8220; button_border_width=&#8220;1px&#8220; button_border_color=&#8220;#B31A1A&#8220; button_border_radius=&#8220;24px&#8220; button_icon=&#8220;&#x35;||divi||400&#8243; button_icon_color=&#8220;#FFFFFF&#8220; custom_margin=&#8220;0px||||false|false&#8220; custom_padding=&#8220;||||false|false&#8220; hover_enabled=&#8220;0&#8243; button_text_size_tablet=&#8220;16px&#8220; button_text_size_phone=&#8220;16px&#8220; button_text_size_last_edited=&#8220;on|tablet&#8220; locked=&#8220;off&#8220; global_colors_info=&#8220;{}&#8220; button_bg_color__hover=&#8220;#B31A1A&#8220; button_bg_color__hover_enabled=&#8220;on|hover&#8220; button_bg_use_color_gradient__hover=&#8220;on&#8220; button_bg_color_gradient_direction__hover=&#8220;100deg&#8220; button_bg_color_gradient_stops__hover=&#8220;#b31a1a 50%|#e22222 100%&#8220; sticky_enabled=&#8220;0&#8243;][\/et_pb_button][\/et_pb_column][\/et_pb_row][et_pb_row _builder_version=&#8220;4.27.4&#8243; _module_preset=&#8220;default&#8220; global_colors_info=&#8220;{}&#8220;][et_pb_column type=&#8220;4_4&#8243; _builder_version=&#8220;4.27.4&#8243; _module_preset=&#8220;default&#8220; global_colors_info=&#8220;{}&#8220;][et_pb_button button_url=&#8220;https:\/\/blog.ticketino.com\/hubfs\/Filmfest%20Oberursel\/Hinweise%20zu%20den%20Codes%20%2B%20Fehlermeldungen%20f%C3%BCr%20Webseite%20%2B%20FAQ.pdf&#8220; url_new_window=&#8220;on&#8220; button_text=&#8220;Erkl\u00e4rung zu den Tickets&#8220; button_alignment=&#8220;center&#8220; _builder_version=&#8220;4.27.4&#8243; _module_preset=&#8220;default&#8220; custom_button=&#8220;on&#8220; button_text_size=&#8220;18px&#8220; button_text_color=&#8220;#FFFFFF&#8220; button_bg_color=&#8220;#B31A1A&#8220; button_bg_use_color_gradient=&#8220;on&#8220; button_bg_color_gradient_direction=&#8220;120deg&#8220; button_bg_color_gradient_stops=&#8220;#e82222 0%|#b31a1a 50%&#8220; button_border_width=&#8220;1px&#8220; button_border_color=&#8220;#B31A1A&#8220; button_border_radius=&#8220;24px&#8220; button_icon=&#8220;&#x35;||divi||400&#8243; button_icon_color=&#8220;#FFFFFF&#8220; custom_margin=&#8220;0px||||false|false&#8220; custom_padding=&#8220;||||false|false&#8220; hover_enabled=&#8220;0&#8243; button_text_size_tablet=&#8220;16px&#8220; button_text_size_phone=&#8220;16px&#8220; button_text_size_last_edited=&#8220;on|tablet&#8220; locked=&#8220;off&#8220; global_colors_info=&#8220;{}&#8220; button_bg_color__hover=&#8220;#B31A1A&#8220; button_bg_color__hover_enabled=&#8220;on|hover&#8220; button_bg_use_color_gradient__hover=&#8220;on&#8220; button_bg_color_gradient_direction__hover=&#8220;100deg&#8220; button_bg_color_gradient_stops__hover=&#8220;#b31a1a 50%|#e22222 100%&#8220; sticky_enabled=&#8220;0&#8243;][\/et_pb_button][\/et_pb_column][\/et_pb_row][et_pb_row _builder_version=&#8220;4.27.4&#8243; _module_preset=&#8220;default&#8220; custom_margin=&#8220;0px||0px||false|false&#8220; custom_padding=&#8220;0px||0px||false|false&#8220; locked=&#8220;off&#8220; global_colors_info=&#8220;{}&#8220;][et_pb_column type=&#8220;4_4&#8243; _builder_version=&#8220;4.27.4&#8243; _module_preset=&#8220;default&#8220; global_colors_info=&#8220;{}&#8220;][et_pb_text module_id=&#8220;Kurzfilm&#8220; _builder_version=&#8220;4.27.4&#8243; _module_preset=&#8220;default&#8220; text_font=&#8220;||||||||&#8220; text_text_color=&#8220;#303030&#8243; text_font_size=&#8220;16px&#8220; text_line_height=&#8220;1.6em&#8220; header_font=&#8220;|||on|||||&#8220; header_text_align=&#8220;center&#8220; header_text_color=&#8220;#303030&#8243; header_font_size=&#8220;60px&#8220; header_letter_spacing=&#8220;6px&#8220; header_2_font=&#8220;|||on|||||&#8220; header_2_text_align=&#8220;center&#8220; header_2_font_size=&#8220;42px&#8220; header_2_letter_spacing=&#8220;6px&#8220; header_3_font=&#8220;|||on|||||&#8220; header_3_font_size=&#8220;36px&#8220; header_3_line_height=&#8220;2.1em&#8220; text_orientation=&#8220;center&#8220; custom_margin=&#8220;90px||36px||false|false&#8220; custom_margin_tablet=&#8220;90px||36px||false|false&#8220; custom_margin_phone=&#8220;90px||36px||false|false&#8220; custom_margin_last_edited=&#8220;on|desktop&#8220; custom_padding=&#8220;0px||0px||false|false&#8220; text_font_size_tablet=&#8220;16px&#8220; text_font_size_phone=&#8220;16px&#8220; text_font_size_last_edited=&#8220;on|desktop&#8220; header_font_size_tablet=&#8220;60px&#8220; header_font_size_phone=&#8220;48px&#8220; header_font_size_last_edited=&#8220;on|phone&#8220; header_2_font_size_tablet=&#8220;54px&#8220; header_2_font_size_phone=&#8220;21px&#8220; header_2_font_size_last_edited=&#8220;on|phone&#8220; header_3_font_size_tablet=&#8220;36px&#8220; header_3_font_size_phone=&#8220;18px&#8220; header_3_font_size_last_edited=&#8220;on|phone&#8220; header_3_line_height_tablet=&#8220;1.5em&#8220; header_3_line_height_phone=&#8220;1.5em&#8220; header_3_line_height_last_edited=&#8220;on|phone&#8220; global_colors_info=&#8220;{}&#8220;]<\/p>\n<h2>Festival Pass<\/h2>\n<p>[\/et_pb_text][et_pb_text _builder_version=&#8220;4.27.4&#8243; _module_preset=&#8220;default&#8220; text_text_color=&#8220;#303030&#8243; text_font_size=&#8220;15px&#8220; text_line_height=&#8220;1.6em&#8220; text_orientation=&#8220;center&#8220; custom_padding=&#8220;||||false|false&#8220; global_colors_info=&#8220;{}&#8220;]<\/p>\n<div>\n<p><span>Der Festival-Pass verschafft Zugang zu fast allen kostenpflichtigen Events, mit nur einem Preis.<\/span><\/p>\n<p>FAQ zum Festival Pass <a href=\"https:\/\/taunale.de\/faq\/\"><span style=\"text-decoration: underline;\">hier<\/span><\/a>.<\/p>\n<\/div>\n<p>[\/et_pb_text][et_pb_button button_url=&#8220;https:\/\/www.ticketino.com\/de\/Event\/FESTIVALPASS\/214650&#8243; url_new_window=&#8220;on&#8220; button_text=&#8220;Tickets zum Festivalpass&#8220; button_alignment=&#8220;center&#8220; _builder_version=&#8220;4.27.4&#8243; _module_preset=&#8220;default&#8220; custom_button=&#8220;on&#8220; button_text_size=&#8220;18px&#8220; button_text_color=&#8220;#FFFFFF&#8220; button_bg_color=&#8220;#B31A1A&#8220; button_bg_use_color_gradient=&#8220;on&#8220; button_bg_color_gradient_direction=&#8220;120deg&#8220; button_bg_color_gradient_stops=&#8220;#e82222 0%|#b31a1a 50%&#8220; button_border_width=&#8220;1px&#8220; button_border_color=&#8220;#B31A1A&#8220; button_border_radius=&#8220;24px&#8220; button_icon=&#8220;&#x35;||divi||400&#8243; button_icon_color=&#8220;#FFFFFF&#8220; custom_margin=&#8220;0px||||false|false&#8220; custom_padding=&#8220;||||false|false&#8220; hover_enabled=&#8220;0&#8243; button_text_size_tablet=&#8220;16px&#8220; button_text_size_phone=&#8220;16px&#8220; button_text_size_last_edited=&#8220;on|tablet&#8220; locked=&#8220;off&#8220; global_colors_info=&#8220;{}&#8220; button_bg_color__hover=&#8220;#B31A1A&#8220; button_bg_color__hover_enabled=&#8220;on|hover&#8220; button_bg_use_color_gradient__hover=&#8220;on&#8220; button_bg_color_gradient_direction__hover=&#8220;100deg&#8220; button_bg_color_gradient_stops__hover=&#8220;#b31a1a 50%|#e22222 100%&#8220; sticky_enabled=&#8220;0&#8243;][\/et_pb_button][et_pb_text module_id=&#8220;Kurzfilm&#8220; _builder_version=&#8220;4.27.4&#8243; _module_preset=&#8220;default&#8220; text_font=&#8220;||||||||&#8220; text_text_color=&#8220;#303030&#8243; text_font_size=&#8220;16px&#8220; text_line_height=&#8220;1.6em&#8220; header_font=&#8220;|||on|||||&#8220; header_text_align=&#8220;center&#8220; header_text_color=&#8220;#303030&#8243; header_font_size=&#8220;60px&#8220; header_letter_spacing=&#8220;6px&#8220; header_2_font=&#8220;|||on|||||&#8220; header_2_text_align=&#8220;center&#8220; header_2_font_size=&#8220;42px&#8220; header_2_letter_spacing=&#8220;6px&#8220; header_3_font=&#8220;|||on|||||&#8220; header_3_font_size=&#8220;32px&#8220; header_3_letter_spacing=&#8220;1px&#8220; header_3_line_height=&#8220;2.1em&#8220; text_orientation=&#8220;center&#8220; custom_margin=&#8220;90px||0px||false|false&#8220; custom_margin_tablet=&#8220;60px||24px||false|false&#8220; custom_margin_phone=&#8220;90px||||false|false&#8220; custom_margin_last_edited=&#8220;on|desktop&#8220; custom_padding=&#8220;0px||0px||false|false&#8220; text_font_size_tablet=&#8220;16px&#8220; text_font_size_phone=&#8220;16px&#8220; text_font_size_last_edited=&#8220;on|desktop&#8220; header_font_size_tablet=&#8220;60px&#8220; header_font_size_phone=&#8220;48px&#8220; header_font_size_last_edited=&#8220;on|phone&#8220; header_2_font_size_tablet=&#8220;54px&#8220; header_2_font_size_phone=&#8220;21px&#8220; header_2_font_size_last_edited=&#8220;on|phone&#8220; header_3_font_size_tablet=&#8220;36px&#8220; header_3_font_size_phone=&#8220;18px&#8220; header_3_font_size_last_edited=&#8220;on|phone&#8220; header_3_line_height_tablet=&#8220;1.5em&#8220; header_3_line_height_phone=&#8220;1.5em&#8220; header_3_line_height_last_edited=&#8220;on|phone&#8220; global_colors_info=&#8220;{}&#8220;]<\/p>\n<h3>Studierenden Rabatt<\/h3>\n<p>[\/et_pb_text][et_pb_text _builder_version=&#8220;4.27.4&#8243; _module_preset=&#8220;default&#8220; text_text_color=&#8220;#303030&#8243; text_font_size=&#8220;15px&#8220; text_line_height=&#8220;1.6em&#8220; text_orientation=&#8220;center&#8220; custom_padding=&#8220;||0px||false|false&#8220; hover_enabled=&#8220;0&#8243; global_colors_info=&#8220;{}&#8220; sticky_enabled=&#8220;0&#8243;]<\/p>\n<p><span>Als Student bekommst Du 50 % auf Festival-Pass, Workshops, Preisverleihung und Kinotickets.<br \/>Infos zum Rabattcode folgen in K\u00fcrze.\u00a0<br \/><\/span><span style=\"font-size: 15px;\">Bitte beachte: Einlass nur bei Vorzeigen eines g\u00fcltigen Studierendenausweises.<\/span><\/p>\n<p>[\/et_pb_text][et_pb_text module_id=&#8220;Kurzfilm&#8220; _builder_version=&#8220;4.27.4&#8243; _module_preset=&#8220;default&#8220; text_font=&#8220;||||||||&#8220; text_text_color=&#8220;#303030&#8243; text_font_size=&#8220;16px&#8220; text_line_height=&#8220;1.6em&#8220; header_font=&#8220;|||on|||||&#8220; header_text_align=&#8220;center&#8220; header_text_color=&#8220;#303030&#8243; header_font_size=&#8220;60px&#8220; header_letter_spacing=&#8220;6px&#8220; header_2_font=&#8220;|||on|||||&#8220; header_2_text_align=&#8220;center&#8220; header_2_font_size=&#8220;42px&#8220; header_2_letter_spacing=&#8220;6px&#8220; header_3_font=&#8220;|||on|||||&#8220; header_3_font_size=&#8220;32px&#8220; header_3_letter_spacing=&#8220;1px&#8220; header_3_line_height=&#8220;2.1em&#8220; text_orientation=&#8220;center&#8220; custom_margin=&#8220;90px||0px||false|false&#8220; custom_margin_tablet=&#8220;60px||24px||false|false&#8220; custom_margin_phone=&#8220;90px||||false|false&#8220; custom_margin_last_edited=&#8220;on|desktop&#8220; custom_padding=&#8220;0px||0px||false|false&#8220; text_font_size_tablet=&#8220;16px&#8220; text_font_size_phone=&#8220;16px&#8220; text_font_size_last_edited=&#8220;on|desktop&#8220; header_font_size_tablet=&#8220;60px&#8220; header_font_size_phone=&#8220;48px&#8220; header_font_size_last_edited=&#8220;on|phone&#8220; header_2_font_size_tablet=&#8220;54px&#8220; header_2_font_size_phone=&#8220;21px&#8220; header_2_font_size_last_edited=&#8220;on|phone&#8220; header_3_font_size_tablet=&#8220;36px&#8220; header_3_font_size_phone=&#8220;18px&#8220; header_3_font_size_last_edited=&#8220;on|phone&#8220; header_3_line_height_tablet=&#8220;1.5em&#8220; header_3_line_height_phone=&#8220;1.5em&#8220; header_3_line_height_last_edited=&#8220;on|phone&#8220; global_colors_info=&#8220;{}&#8220;]<\/p>\n<h3>Presse-Akkreditierung<\/h3>\n<p>[\/et_pb_text][et_pb_text _builder_version=&#8220;4.27.4&#8243; _module_preset=&#8220;default&#8220; text_text_color=&#8220;#303030&#8243; text_font_size=&#8220;15px&#8220; text_line_height=&#8220;1.6em&#8220; text_orientation=&#8220;center&#8220; custom_padding=&#8220;||||false|false&#8220; global_colors_info=&#8220;{}&#8220;]<\/p>\n<p>Zur Presseakkreditierung geht\u2019s <a href=\"https:\/\/taunale.de\/akkreditierung\/\"><span style=\"text-decoration: underline;\">hier<\/span><\/a> entlang.<\/p>\n<p>[\/et_pb_text][et_pb_text _builder_version=&#8220;4.27.4&#8243; _module_preset=&#8220;default&#8220; text_text_color=&#8220;#303030&#8243; text_font_size=&#8220;15px&#8220; text_line_height=&#8220;1.6em&#8220; text_orientation=&#8220;center&#8220; custom_margin=&#8220;90px||||false|false&#8220; custom_margin_tablet=&#8220;90px||||false|false&#8220; custom_margin_phone=&#8220;90px||||false|false&#8220; custom_margin_last_edited=&#8220;on|desktop&#8220; custom_padding=&#8220;||||false|false&#8220; global_colors_info=&#8220;{}&#8220;]<\/p>\n<p>Um sicher zu gehen, dass du das Filmfest 2026 nicht verpasst, klick auf den Button und lass deinen Kalender die Arbeit \u00fcbernehmen,<br \/>rechtzeitig an das Event erinnert zu werden.<\/p>\n<p>[\/et_pb_text][et_pb_button button_url=&#8220;https:\/\/www.google.com\/calendar\/render?action=TEMPLATE&#038;text=Taunale+2025&#038;dates=20250807T080000Z\/20250810T160000Z&#038;details=Filmfestival+Taunale+2025+vom+7.+bis+10.+August&#038;location=Taunus%2C+Hessen&#038;sf=true&#038;output=xml&#8220; url_new_window=&#8220;on&#8220; button_text=&#8220;Remind me&#8220; button_alignment=&#8220;center&#8220; _builder_version=&#8220;4.27.4&#8243; _module_preset=&#8220;default&#8220; custom_button=&#8220;on&#8220; button_text_size=&#8220;18px&#8220; button_text_color=&#8220;#FFFFFF&#8220; button_bg_color=&#8220;#B31A1A&#8220; button_bg_use_color_gradient=&#8220;on&#8220; button_bg_color_gradient_direction=&#8220;120deg&#8220; button_bg_color_gradient_stops=&#8220;#e82222 0%|#b31a1a 50%&#8220; button_border_width=&#8220;1px&#8220; button_border_color=&#8220;#B31A1A&#8220; button_border_radius=&#8220;24px&#8220; button_icon=&#8220;&#x35;||divi||400&#8243; button_icon_color=&#8220;#FFFFFF&#8220; custom_padding=&#8220;||||false|false&#8220; button_text_size_tablet=&#8220;16px&#8220; button_text_size_phone=&#8220;16px&#8220; button_text_size_last_edited=&#8220;on|tablet&#8220; locked=&#8220;off&#8220; global_colors_info=&#8220;{}&#8220; button_bg_color__hover=&#8220;#B31A1A&#8220; button_bg_color__hover_enabled=&#8220;on|hover&#8220; button_bg_use_color_gradient__hover=&#8220;on&#8220; button_bg_color_gradient_direction__hover=&#8220;100deg&#8220; button_bg_color_gradient_stops__hover=&#8220;#b31a1a 50%|#e22222 100%&#8220;][\/et_pb_button][\/et_pb_column][\/et_pb_row][\/et_pb_section]<\/p>\n","protected":false},"excerpt":{"rendered":"<p>Tickets Die Tickets f\u00fcr unsere Er\u00f6ffnungsgala und den Festivalpass sind ab sofort online erh\u00e4ltlich. Erleben Sie einen besonderen Festivalauftakt mit stilvollem Sektempfang, der Vorf\u00fchrung unseres Er\u00f6ffnungsfilms sowie einem anschlie\u00dfenden Filmgespr\u00e4ch mit ausgew\u00e4hlten G\u00e4sten. Zum Abschluss klingt der Abend bei Live-Musik in stimmungsvoller Atmosph\u00e4re aus. Sichern Sie sich fr\u00fchzeitig Ihre Tickets \u2013 die Pl\u00e4tze sind begrenzt. [&hellip;]<\/p>\n","protected":false},"author":2,"featured_media":0,"parent":0,"menu_order":0,"comment_status":"closed","ping_status":"closed","template":"","meta":{"_et_pb_use_builder":"on","_et_pb_old_content":"","_et_gb_content_width":"","footnotes":""},"class_list":["post-162","page","type-page","status-publish","hentry"],"_links":{"self":[{"href":"https:\/\/taunale.de\/en\/wp-json\/wp\/v2\/pages\/162","targetHints":{"allow":["GET"]}}],"collection":[{"href":"https:\/\/taunale.de\/en\/wp-json\/wp\/v2\/pages"}],"about":[{"href":"https:\/\/taunale.de\/en\/wp-json\/wp\/v2\/types\/page"}],"author":[{"embeddable":true,"href":"https:\/\/taunale.de\/en\/wp-json\/wp\/v2\/users\/2"}],"replies":[{"embeddable":true,"href":"https:\/\/taunale.de\/en\/wp-json\/wp\/v2\/comments?post=162"}],"version-history":[{"count":33,"href":"https:\/\/taunale.de\/en\/wp-json\/wp\/v2\/pages\/162\/revisions"}],"predecessor-version":[{"id":3636,"href":"https:\/\/taunale.de\/en\/wp-json\/wp\/v2\/pages\/162\/revisions\/3636"}],"wp:attachment":[{"href":"https:\/\/taunale.de\/en\/wp-json\/wp\/v2\/media?parent=162"}],"curies":[{"name":"wp","href":"https:\/\/api.w.org\/{rel}","templated":true}]}}