{"id":2564,"date":"2025-09-14T07:03:41","date_gmt":"2025-09-14T05:03:41","guid":{"rendered":"https:\/\/taunale.de\/?page_id=2564"},"modified":"2026-04-15T13:23:28","modified_gmt":"2026-04-15T11:23:28","slug":"einreichungen","status":"publish","type":"page","link":"https:\/\/taunale.de\/en\/einreichungen\/","title":{"rendered":"Submissions"},"content":{"rendered":"<p>[et_pb_section fb_built=&#8220;1&#8243; custom_padding_last_edited=&#8220;on|phone&#8220; _builder_version=&#8220;4.27.4&#8243; _module_preset=&#8220;default&#8220; custom_margin=&#8220;120px||120px||false|false&#8220; custom_margin_tablet=&#8220;120px||120px||false|false&#8220; custom_margin_phone=&#8220;0px||0px||true|false&#8220; custom_margin_last_edited=&#8220;on|phone&#8220; custom_padding_tablet=&#8220;&#8220; custom_padding_phone=&#8220;0px||0px||true|false&#8220; global_colors_info=&#8220;{}&#8220;][et_pb_row _builder_version=&#8220;4.27.4&#8243; _module_preset=&#8220;default&#8220; custom_margin=&#8220;||48px||false|false&#8220; locked=&#8220;off&#8220; global_colors_info=&#8220;{}&#8220;][et_pb_column type=&#8220;4_4&#8243; _builder_version=&#8220;4.27.4&#8243; _module_preset=&#8220;default&#8220; global_colors_info=&#8220;{}&#8220;][et_pb_text _builder_version=&#8220;4.27.4&#8243; _module_preset=&#8220;default&#8220; text_text_color=&#8220;#303030&#8243; header_font=&#8220;|||on|||||&#8220; header_text_align=&#8220;center&#8220; header_text_color=&#8220;#303030&#8243; header_font_size=&#8220;60px&#8220; header_letter_spacing=&#8220;6px&#8220; header_2_font=&#8220;|||on|||||&#8220; header_2_text_align=&#8220;center&#8220; header_2_font_size=&#8220;54px&#8220; header_2_letter_spacing=&#8220;6px&#8220; header_3_font_size=&#8220;21px&#8220; custom_margin=&#8220;0px||0px||false|false&#8220; custom_padding=&#8220;0px||0px||false|false&#8220; header_font_size_tablet=&#8220;60px&#8220; header_font_size_phone=&#8220;28px&#8220; header_font_size_last_edited=&#8220;on|phone&#8220; header_line_height_tablet=&#8220;&#8220; header_line_height_phone=&#8220;1.2em&#8220; header_line_height_last_edited=&#8220;on|phone&#8220; header_2_font_size_tablet=&#8220;54px&#8220; header_2_font_size_phone=&#8220;36px&#8220; header_2_font_size_last_edited=&#8220;on|phone&#8220; global_colors_info=&#8220;{}&#8220;]<\/p>\n<h1>Einreichungen<\/h1>\n<p>[\/et_pb_text][et_pb_code _builder_version=&#8220;4.27.4&#8243; _module_preset=&#8220;default&#8220; global_colors_info=&#8220;{}&#8220;]<script><!-- [et_pb_line_break_holder] -->  fbq('track', 'ViewContent', {<!-- [et_pb_line_break_holder] -->    content_name: 'Programm',<!-- [et_pb_line_break_holder] -->  });<!-- [et_pb_line_break_holder] --><\/script>[\/et_pb_code][\/et_pb_column][\/et_pb_row][et_pb_row column_structure=&#8220;2_5,3_5&#8243; make_equal=&#8220;on&#8220; disabled_on=&#8220;on|on|off&#8220; _builder_version=&#8220;4.27.4&#8243; _module_preset=&#8220;default&#8220; max_width=&#8220;80%&#8220; custom_margin=&#8220;24px||||false|false&#8220; custom_padding=&#8220;||||false|false&#8220; locked=&#8220;off&#8220; global_colors_info=&#8220;{}&#8220;][et_pb_column type=&#8220;2_5&#8243; _builder_version=&#8220;4.27.4&#8243; _module_preset=&#8220;default&#8220; custom_css_main_element=&#8220;margin:auto&#8220; global_colors_info=&#8220;{}&#8220;][et_pb_text _builder_version=&#8220;4.27.4&#8243; _module_preset=&#8220;default&#8220; text_text_color=&#8220;#303030&#8243; header_font=&#8220;|||on|||||&#8220; header_text_align=&#8220;center&#8220; header_text_color=&#8220;#303030&#8243; header_font_size=&#8220;60px&#8220; header_letter_spacing=&#8220;6px&#8220; header_2_font=&#8220;|||on|||||&#8220; header_2_text_align=&#8220;center&#8220; header_2_font_size=&#8220;54px&#8220; header_2_letter_spacing=&#8220;6px&#8220; header_3_font_size=&#8220;21px&#8220; header_3_line_height=&#8220;1.5em&#8220; custom_margin=&#8220;||||false|false&#8220; custom_padding=&#8220;||||false|false&#8220; hover_enabled=&#8220;0&#8243; header_font_size_tablet=&#8220;60px&#8220; header_font_size_phone=&#8220;48px&#8220; header_font_size_last_edited=&#8220;on|phone&#8220; header_2_font_size_tablet=&#8220;54px&#8220; header_2_font_size_phone=&#8220;36px&#8220; header_2_font_size_last_edited=&#8220;on|phone&#8220; header_3_line_height_tablet=&#8220;&#8220; header_3_line_height_phone=&#8220;1.5em&#8220; header_3_line_height_last_edited=&#8220;on|phone&#8220; global_colors_info=&#8220;{}&#8220; sticky_enabled=&#8220;0&#8243;]<\/p>\n<h3><b>Die Einreichungen f\u00fcr die 15. Edition des Taunus Filmfests sind leider geschlossen.<\/b><\/h3>\n<p><b>Wir freuen uns auf deine Einreichung f\u00fcr die n\u00e4chste Edition des Taunus Filmfests ab vorraussichtlich Septemner 2026!<\/b><\/p>\n<p>[\/et_pb_text][\/et_pb_column][et_pb_column type=&#8220;3_5&#8243; _builder_version=&#8220;4.27.4&#8243; _module_preset=&#8220;default&#8220; global_colors_info=&#8220;{}&#8220;][et_pb_image src=&#8220;https:\/\/taunale.de\/wp-content\/uploads\/2026\/01\/IMG_5705-scaled.jpg&#8220; title_text=&#8220;IMG_5705&#8243; admin_label=&#8220;@2025 Dimitry Krasivsky&#8220; _builder_version=&#8220;4.27.4&#8243; _module_preset=&#8220;default&#8220; global_colors_info=&#8220;{}&#8220;][\/et_pb_image][et_pb_text _builder_version=&#8220;4.27.4&#8243; _module_preset=&#8220;default&#8220; global_colors_info=&#8220;{}&#8220;]<\/p>\n<p style=\"text-align: center;\"><em>@2025 Dimitry Krasivsky<\/em><\/p>\n<p>[\/et_pb_text][\/et_pb_column][\/et_pb_row][et_pb_row column_structure=&#8220;2_5,3_5&#8243; make_equal=&#8220;on&#8220; disabled_on=&#8220;off|off|on&#8220; _builder_version=&#8220;4.27.4&#8243; _module_preset=&#8220;default&#8220; max_width=&#8220;80%&#8220; custom_margin=&#8220;24px||||false|false&#8220; custom_padding=&#8220;||||false|false&#8220; locked=&#8220;off&#8220; global_colors_info=&#8220;{}&#8220;][et_pb_column type=&#8220;2_5&#8243; _builder_version=&#8220;4.27.4&#8243; _module_preset=&#8220;default&#8220; custom_css_main_element=&#8220;margin:auto&#8220; global_colors_info=&#8220;{}&#8220;][et_pb_image src=&#8220;https:\/\/taunale.de\/wp-content\/uploads\/2026\/01\/IMG_5705-scaled.jpg&#8220; title_text=&#8220;IMG_5705&#8243; _builder_version=&#8220;4.27.4&#8243; _module_preset=&#8220;default&#8220; global_colors_info=&#8220;{}&#8220;][\/et_pb_image][et_pb_text _builder_version=&#8220;4.27.4&#8243; _module_preset=&#8220;default&#8220; global_colors_info=&#8220;{}&#8220;]<\/p>\n<p><em>@2025 Dimitry Krasivsky<\/em><\/p>\n<p>[\/et_pb_text][et_pb_text _builder_version=&#8220;4.27.4&#8243; _module_preset=&#8220;default&#8220; text_text_color=&#8220;#303030&#8243; header_font=&#8220;|||on|||||&#8220; header_text_align=&#8220;center&#8220; header_text_color=&#8220;#303030&#8243; header_font_size=&#8220;60px&#8220; header_letter_spacing=&#8220;6px&#8220; header_2_font=&#8220;|||on|||||&#8220; header_2_text_align=&#8220;center&#8220; header_2_font_size=&#8220;54px&#8220; header_2_letter_spacing=&#8220;6px&#8220; header_3_font_size=&#8220;21px&#8220; header_3_line_height=&#8220;1.5em&#8220; custom_margin=&#8220;||||false|false&#8220; custom_padding=&#8220;||||false|false&#8220; hover_enabled=&#8220;0&#8243; header_font_size_tablet=&#8220;60px&#8220; header_font_size_phone=&#8220;48px&#8220; header_font_size_last_edited=&#8220;on|phone&#8220; header_2_font_size_tablet=&#8220;54px&#8220; header_2_font_size_phone=&#8220;36px&#8220; header_2_font_size_last_edited=&#8220;on|phone&#8220; header_3_line_height_tablet=&#8220;&#8220; header_3_line_height_phone=&#8220;1.5em&#8220; header_3_line_height_last_edited=&#8220;on|phone&#8220; global_colors_info=&#8220;{}&#8220; sticky_enabled=&#8220;0&#8243;]<\/p>\n<h3><b>Die Einreichungen f\u00fcr die 15. Edition des Taunus Filmfests sind leider geschlossen.<\/b><\/h3>\n<h3><\/h3>\n<p><b>Wir freuen uns auf deine Einreichung f\u00fcr die n\u00e4chste Edition des Taunus Filmfests ab vorraussichtlich Septemner 2026!<\/b><\/p>\n<p>[\/et_pb_text][\/et_pb_column][et_pb_column type=&#8220;3_5&#8243; _builder_version=&#8220;4.27.4&#8243; _module_preset=&#8220;default&#8220; global_colors_info=&#8220;{}&#8220;][\/et_pb_column][\/et_pb_row][et_pb_row column_structure=&#8220;1_2,1_2&#8243; _builder_version=&#8220;4.27.4&#8243; _module_preset=&#8220;default&#8220; max_width=&#8220;75%&#8220; custom_margin=&#8220;48px||48px||true|false&#8220; locked=&#8220;off&#8220; global_colors_info=&#8220;{}&#8220;][et_pb_column type=&#8220;1_2&#8243; _builder_version=&#8220;4.27.4&#8243; _module_preset=&#8220;default&#8220; global_colors_info=&#8220;{}&#8220;][et_pb_button button_url=&#8220;https:\/\/filmfreeway.com\/taunale&#8220; url_new_window=&#8220;on&#8220; button_text=&#8220;Zum Einreichportal&#8220; button_alignment=&#8220;center&#8220; _builder_version=&#8220;4.27.4&#8243; _module_preset=&#8220;default&#8220; custom_button=&#8220;on&#8220; button_text_size=&#8220;18px&#8220; button_text_color=&#8220;#FFFFFF&#8220; button_bg_color=&#8220;#B31A1A&#8220; button_bg_use_color_gradient=&#8220;on&#8220; button_bg_color_gradient_direction=&#8220;120deg&#8220; button_bg_color_gradient_stops=&#8220;#e82222 0%|#b31a1a 50%&#8220; button_border_width=&#8220;1px&#8220; button_border_color=&#8220;#B31A1A&#8220; button_border_radius=&#8220;24px&#8220; button_icon=&#8220;&#x35;||divi||400&#8243; button_icon_color=&#8220;#FFFFFF&#8220; custom_padding=&#8220;||||false|false&#8220; button_text_size_tablet=&#8220;16px&#8220; button_text_size_phone=&#8220;16px&#8220; button_text_size_last_edited=&#8220;on|tablet&#8220; locked=&#8220;off&#8220; global_colors_info=&#8220;{}&#8220; button_bg_color__hover=&#8220;#B31A1A&#8220; button_bg_color__hover_enabled=&#8220;on|hover&#8220; button_bg_use_color_gradient__hover=&#8220;on&#8220; button_bg_color_gradient_direction__hover=&#8220;100deg&#8220; button_bg_color_gradient_stops__hover=&#8220;#b31a1a 50%|#e22222 100%&#8220;][\/et_pb_button][\/et_pb_column][et_pb_column type=&#8220;1_2&#8243; _builder_version=&#8220;4.27.4&#8243; _module_preset=&#8220;default&#8220; global_colors_info=&#8220;{}&#8220;][et_pb_button button_url=&#8220;@ET-DC@eyJkeW5hbWljIjp0cnVlLCJjb250ZW50IjoicG9zdF9saW5rX3VybF9wYWdlIiwic2V0dGluZ3MiOnsicG9zdF9pZCI6IjEzMCJ9fQ==@&#8220; url_new_window=&#8220;on&#8220; button_text=&#8220;Einreichbedingungen&#8220; button_alignment=&#8220;center&#8220; _builder_version=&#8220;4.27.4&#8243; _dynamic_attributes=&#8220;button_url&#8220; _module_preset=&#8220;default&#8220; custom_button=&#8220;on&#8220; button_text_size=&#8220;18px&#8220; button_text_color=&#8220;#FFFFFF&#8220; button_bg_color=&#8220;#B31A1A&#8220; button_bg_use_color_gradient=&#8220;on&#8220; button_bg_color_gradient_direction=&#8220;120deg&#8220; button_bg_color_gradient_stops=&#8220;#e82222 0%|#b31a1a 50%&#8220; button_border_width=&#8220;1px&#8220; button_border_color=&#8220;#B31A1A&#8220; button_border_radius=&#8220;24px&#8220; button_icon=&#8220;&#x35;||divi||400&#8243; button_icon_color=&#8220;#FFFFFF&#8220; custom_padding=&#8220;||||false|false&#8220; button_text_size_tablet=&#8220;16px&#8220; button_text_size_phone=&#8220;16px&#8220; button_text_size_last_edited=&#8220;on|tablet&#8220; locked=&#8220;off&#8220; global_colors_info=&#8220;{}&#8220; button_bg_color__hover=&#8220;#B31A1A&#8220; button_bg_color__hover_enabled=&#8220;on|hover&#8220; button_bg_use_color_gradient__hover=&#8220;on&#8220; button_bg_color_gradient_direction__hover=&#8220;100deg&#8220; button_bg_color_gradient_stops__hover=&#8220;#b31a1a 50%|#e22222 100%&#8220;][\/et_pb_button][\/et_pb_column][\/et_pb_row][\/et_pb_section]<\/p>\n","protected":false},"excerpt":{"rendered":"<p>EinreichungenDie Einreichungen f\u00fcr die 15. Edition des Taunus Filmfests sind leider geschlossen. Wir freuen uns auf deine Einreichung f\u00fcr die n\u00e4chste Edition des Taunus Filmfests ab vorraussichtlich Septemner 2026!@2025 Dimitry Krasivsky@2025 Dimitry KrasivskyDie Einreichungen f\u00fcr die 15. Edition des Taunus Filmfests sind leider geschlossen. Wir freuen uns auf deine Einreichung f\u00fcr die n\u00e4chste Edition des [&hellip;]<\/p>\n","protected":false},"author":2,"featured_media":0,"parent":0,"menu_order":0,"comment_status":"closed","ping_status":"closed","template":"","meta":{"_et_pb_use_builder":"on","_et_pb_old_content":"","_et_gb_content_width":"","footnotes":""},"class_list":["post-2564","page","type-page","status-publish","hentry"],"_links":{"self":[{"href":"https:\/\/taunale.de\/en\/wp-json\/wp\/v2\/pages\/2564","targetHints":{"allow":["GET"]}}],"collection":[{"href":"https:\/\/taunale.de\/en\/wp-json\/wp\/v2\/pages"}],"about":[{"href":"https:\/\/taunale.de\/en\/wp-json\/wp\/v2\/types\/page"}],"author":[{"embeddable":true,"href":"https:\/\/taunale.de\/en\/wp-json\/wp\/v2\/users\/2"}],"replies":[{"embeddable":true,"href":"https:\/\/taunale.de\/en\/wp-json\/wp\/v2\/comments?post=2564"}],"version-history":[{"count":16,"href":"https:\/\/taunale.de\/en\/wp-json\/wp\/v2\/pages\/2564\/revisions"}],"predecessor-version":[{"id":3612,"href":"https:\/\/taunale.de\/en\/wp-json\/wp\/v2\/pages\/2564\/revisions\/3612"}],"wp:attachment":[{"href":"https:\/\/taunale.de\/en\/wp-json\/wp\/v2\/media?parent=2564"}],"curies":[{"name":"wp","href":"https:\/\/api.w.org\/{rel}","templated":true}]}}