{"id":3523,"date":"2026-02-17T15:54:02","date_gmt":"2026-02-17T14:54:02","guid":{"rendered":"https:\/\/taunale.de\/?page_id=3523"},"modified":"2026-02-21T10:45:27","modified_gmt":"2026-02-21T09:45:27","slug":"award-design-wettbewerb","status":"publish","type":"page","link":"https:\/\/taunale.de\/en\/award-design-wettbewerb\/","title":{"rendered":"Design Wettbewerb"},"content":{"rendered":"<p>[et_pb_section fb_built=&#8220;1&#8243; custom_padding_last_edited=&#8220;on|phone&#8220; admin_label=&#8220;Header&#8220; _builder_version=&#8220;4.27.4&#8243; _module_preset=&#8220;default&#8220; background_color=&#8220;#FFFFFF&#8220; background_enable_image=&#8220;off&#8220; custom_padding=&#8220;10vw||10vw||true|false&#8220; custom_padding_tablet=&#8220;10vw||10vw||true|false&#8220; custom_padding_phone=&#8220;0vw||0vw||true|false&#8220; collapsed=&#8220;on&#8220; global_colors_info=&#8220;{}&#8220;][et_pb_row _builder_version=&#8220;4.24.3&#8243; _module_preset=&#8220;default&#8220; width=&#8220;50%&#8220; width_tablet=&#8220;80%&#8220; width_phone=&#8220;80%&#8220; width_last_edited=&#8220;on|desktop&#8220; max_width=&#8220;none&#8220; global_colors_info=&#8220;{}&#8220;][et_pb_column type=&#8220;4_4&#8243; _builder_version=&#8220;4.24.3&#8243; _module_preset=&#8220;default&#8220; global_colors_info=&#8220;{}&#8220;][et_pb_text _builder_version=&#8220;4.27.4&#8243; _module_preset=&#8220;default&#8220; text_font=&#8220;&#8211;et_global_heading_font||||||||&#8220; text_font_size=&#8220;44px&#8220; header_font=&#8220;&#8211;et_global_heading_font||||||||&#8220; header_text_align=&#8220;center&#8220; header_text_color=&#8220;#303030&#8243; header_font_size=&#8220;50px&#8220; text_orientation=&#8220;center&#8220; global_colors_info=&#8220;{}&#8220;]<\/p>\n<h1><strong>Design Wettbewerb<\/strong><\/h1>\n<p>[\/et_pb_text][et_pb_text quote_border_color=&#8220;#ff4d00&#8243; _builder_version=&#8220;4.27.4&#8243; _module_preset=&#8220;_initial&#8220; text_font=&#8220;&#8211;et_global_body_font||||||||&#8220; text_text_color=&#8220;#303030&#8243; text_font_size=&#8220;20px&#8220; text_line_height=&#8220;1.8em&#8220; link_text_color=&#8220;#ff4d00&#8243; quote_font=&#8220;Encode Sans Condensed|600|||||||&#8220; quote_text_color=&#8220;#FFFFFF&#8220; quote_font_size=&#8220;24px&#8220; quote_line_height=&#8220;1.4em&#8220; header_font=&#8220;Encode Sans Condensed|600||on|||||&#8220; header_text_color=&#8220;#FFFFFF&#8220; header_font_size=&#8220;72px&#8220; header_line_height=&#8220;1.2em&#8220; header_2_font=&#8220;Encode Sans Condensed|500|||||||&#8220; header_2_text_color=&#8220;#FFFFFF&#8220; header_2_font_size=&#8220;52px&#8220; header_2_line_height=&#8220;1.4em&#8220; header_3_font=&#8220;Encode Sans Condensed|500|||||||&#8220; header_3_text_color=&#8220;#FFFFFF&#8220; header_3_font_size=&#8220;36px&#8220; header_3_line_height=&#8220;1.4em&#8220; header_4_font=&#8220;Encode Sans Condensed|600|||||||&#8220; header_4_text_color=&#8220;#FFFFFF&#8220; header_4_font_size=&#8220;24px&#8220; header_4_line_height=&#8220;1.4em&#8220; header_5_font=&#8220;Encode Sans Condensed|600|||||||&#8220; header_5_text_color=&#8220;#FFFFFF&#8220; header_5_font_size=&#8220;20px&#8220; header_5_line_height=&#8220;1.5em&#8220; header_6_font=&#8220;Josefin Sans|700|||||||&#8220; header_6_text_color=&#8220;#FFFFFF&#8220; header_6_font_size=&#8220;16px&#8220; header_6_line_height=&#8220;1.8em&#8220; text_orientation=&#8220;center&#8220; text_font_size_tablet=&#8220;15px&#8220; text_font_size_phone=&#8220;14px&#8220; text_font_size_last_edited=&#8220;on|desktop&#8220; quote_font_size_tablet=&#8220;16px&#8220; quote_font_size_phone=&#8220;15px&#8220; quote_font_size_last_edited=&#8220;on|desktop&#8220; header_font_size_tablet=&#8220;40px&#8220; header_font_size_phone=&#8220;24px&#8220; header_font_size_last_edited=&#8220;on|desktop&#8220; header_2_font_size_tablet=&#8220;32px&#8220; header_2_font_size_phone=&#8220;20px&#8220; header_2_font_size_last_edited=&#8220;on|desktop&#8220; header_3_font_size_tablet=&#8220;20px&#8220; header_3_font_size_phone=&#8220;16px&#8220; header_3_font_size_last_edited=&#8220;on|desktop&#8220; header_4_font_size_tablet=&#8220;16px&#8220; header_4_font_size_phone=&#8220;15px&#8220; header_4_font_size_last_edited=&#8220;on|desktop&#8220; header_5_font_size_tablet=&#8220;16px&#8220; header_5_font_size_phone=&#8220;14px&#8220; header_5_font_size_last_edited=&#8220;on|desktop&#8220; header_6_font_size_tablet=&#8220;15px&#8220; header_6_font_size_phone=&#8220;14px&#8220; header_6_font_size_last_edited=&#8220;on|desktop&#8220; global_colors_info=&#8220;{}&#8220;]<\/p>\n<p><span style=\"color: #000000;\">Bringe deine Kreativit\u00e4t zum Filmfest<\/span><\/p>\n<p>[\/et_pb_text][\/et_pb_column][\/et_pb_row][\/et_pb_section][et_pb_section fb_built=&#8220;1&#8243; admin_label=&#8220;About&#8220; _builder_version=&#8220;4.24.3&#8243; _module_preset=&#8220;default&#8220; custom_padding=&#8220;42px|||||&#8220; collapsed=&#8220;on&#8220; global_colors_info=&#8220;{}&#8220;][et_pb_row column_structure=&#8220;1_2,1_2&#8243; _builder_version=&#8220;4.27.4&#8243; _module_preset=&#8220;default&#8220; max_width=&#8220;none&#8220; global_colors_info=&#8220;{}&#8220;][et_pb_column type=&#8220;1_2&#8243; _builder_version=&#8220;4.24.3&#8243; _module_preset=&#8220;default&#8220; global_colors_info=&#8220;{}&#8220;][et_pb_text _builder_version=&#8220;4.27.4&#8243; _module_preset=&#8220;default&#8220; global_colors_info=&#8220;{}&#8220;]<\/p>\n<h4 class=\"my-2 [&amp;+p]:mt-4 [&amp;_strong:has(+br)]:inline-block [&amp;_strong:has(+br)]:pb-2\"><strong>Gestalte den Look der Taunus Filmfest Troph\u00e4en!<\/strong><\/h4>\n<p class=\"my-2 [&amp;+p]:mt-4 [&amp;_strong:has(+br)]:inline-block [&amp;_strong:has(+br)]:pb-2\">Du hast ein H\u00e4ndchen f\u00fcr Design \u2013 wir den passenden Wettbewerb daf\u00fcr!<br \/>Beim <strong>Troph\u00e4en-Design-Wettbewerb des Taunus Filmfests Oberursel 2026<\/strong> suchen wir kreative K\u00f6pfe, die unsere begehrte Troph\u00e4e gestalten m\u00f6chten. Ob minimalistisch, verspielt oder avantgardistisch \u2013 zeig uns, wie du den Geist des Festivals in Form bringst.<\/p>\n<p class=\"my-2 [&amp;+p]:mt-4 [&amp;_strong:has(+br)]:inline-block [&amp;_strong:has(+br)]:pb-2\">Die Gewinnerin oder der Gewinner \u00a0erh\u00e4lt nicht nur \u00f6ffentliche Anerkennung bei der festlichen Preisverleihung und ist selbstverst\u00e4ndlich dazu eingeladen, sondern ihr*sein Design wird als offizielle Troph\u00e4e des Festivals umgesetzt \u2013 ein echtes Highlight f\u00fcr jedes Portfolio!<\/p>\n<p class=\"my-2 [&amp;+p]:mt-4 [&amp;_strong:has(+br)]:inline-block [&amp;_strong:has(+br)]:pb-2\"><strong>Mach mit und verewige dich in der Festivalgeschichte.<\/strong><br \/>Einsendeschluss: <strong>1. Mai 2026<\/strong><\/p>\n<p>[\/et_pb_text][\/et_pb_column][et_pb_column type=&#8220;1_2&#8243; _builder_version=&#8220;4.24.3&#8243; _module_preset=&#8220;default&#8220; global_colors_info=&#8220;{}&#8220;][et_pb_image src=&#8220;https:\/\/taunale.de\/wp-content\/uploads\/2026\/02\/pexels-n-voitkevich-6532366-scaled.jpg&#8220; title_text=&#8220;pexels-n-voitkevich-6532366&#8243; _builder_version=&#8220;4.27.4&#8243; _module_preset=&#8220;default&#8220; max_width=&#8220;89%&#8220; global_colors_info=&#8220;{}&#8220;][\/et_pb_image][\/et_pb_column][\/et_pb_row][\/et_pb_section][et_pb_section fb_built=&#8220;1&#8243; _builder_version=&#8220;4.27.4&#8243; _module_preset=&#8220;default&#8220; global_colors_info=&#8220;{}&#8220;][et_pb_row _builder_version=&#8220;4.27.4&#8243; _module_preset=&#8220;default&#8220; global_colors_info=&#8220;{}&#8220;][et_pb_column type=&#8220;4_4&#8243; _builder_version=&#8220;4.27.4&#8243; _module_preset=&#8220;default&#8220; global_colors_info=&#8220;{}&#8220;][et_pb_text _builder_version=&#8220;4.27.4&#8243; _module_preset=&#8220;default&#8220; global_colors_info=&#8220;{}&#8220;]<\/p>\n<p class=\"my-2 [&amp;+p]:mt-4 [&amp;_strong:has(+br)]:inline-block [&amp;_strong:has(+br)]:pb-2\">Beim Award-Design-Wettbewerb des Taunus Filmfests Oberursel suchen wir kreative Entw\u00fcrfe f\u00fcr unsere Festival-Troph\u00e4e. Teilnehmen k\u00f6nnen Einzelpersonen oder Teams <strong>ab 18 Jahren<\/strong>, international ist willkommen.<\/p>\n<p class=\"my-2 [&amp;+p]:mt-4 [&amp;_strong:has(+br)]:inline-block [&amp;_strong:has(+br)]:pb-2\">Reiche deinen Designvorschlag als Datei (JEPG\/PDF) sowie eine kurze Konzeptbeschreibung ein. Optional kannst du Skizzen oder Ma\u00dfangaben erg\u00e4nzen. Pro Person\/Team sind mehrere Entw\u00fcrfe m\u00f6glich, solange sie fristgerecht bis zum <strong>1. Mai 2026<\/strong> \u00fcber unser Online-Formular eingehen.<\/p>\n<p class=\"my-2 [&amp;+p]:mt-4 [&amp;_strong:has(+br)]:inline-block [&amp;_strong:has(+br)]:pb-2\">Die Urheberrechte bleiben bei dir. Mit der Teilnahme erlaubst du uns, deinen Entwurf im Rahmen der Festivalkommunikation (Website, Social Media, ggf. Ausstellung) zu zeigen. Wird dein Design als offizieller Award umgesetzt, erh\u00e4ltst du daf\u00fcr eine namentliche Nennung in unseren Kan\u00e4len und im Rahmen der Preisverleihung.<\/p>\n<p class=\"my-2 [&amp;+p]:mt-4 [&amp;_strong:has(+br)]:inline-block [&amp;_strong:has(+br)]:pb-2\">Die Festivalleitung des Taunus Filmfests w\u00e4hlt den Siegerentwurf nach gestalterischer Qualit\u00e4t, Festivalbezug, Wiedererkennbarkeit und Umsetzbarkeit aus. Der Rechtsweg ist ausgeschlossen. Beitr\u00e4ge mit diskriminierenden oder rechtsverletzenden Inhalten werden nicht ber\u00fccksichtigt.<\/p>\n<p>[\/et_pb_text][\/et_pb_column][\/et_pb_row][\/et_pb_section][et_pb_section fb_built=&#8220;1&#8243; admin_label=&#8220;Contact Info&#8220; _builder_version=&#8220;4.27.4&#8243; _module_preset=&#8220;default&#8220; background_enable_color=&#8220;off&#8220; background_image=&#8220;https:\/\/taunale.de\/wp-content\/uploads\/2026\/01\/IMG_5705-scaled.jpg&#8220; parallax=&#8220;on&#8220; custom_padding=&#8220;6vw|10vw|26px|10vw|false|true&#8220; collapsed=&#8220;on&#8220; global_colors_info=&#8220;{}&#8220;][et_pb_row column_structure=&#8220;1_2,1_2&#8243; _builder_version=&#8220;4.24.3&#8243; _module_preset=&#8220;default&#8220; width=&#8220;100%&#8220; max_width=&#8220;1450px&#8220; module_alignment=&#8220;right&#8220; custom_padding=&#8220;||117px|||&#8220; scroll_vertical_motion_enable=&#8220;on&#8220; scroll_vertical_motion=&#8220;0|50|50|100|1|0|-1&#8243; global_colors_info=&#8220;{}&#8220;][et_pb_column type=&#8220;1_2&#8243; _builder_version=&#8220;4.24.3&#8243; _module_preset=&#8220;default&#8220; global_colors_info=&#8220;{}&#8220;][\/et_pb_column][et_pb_column type=&#8220;1_2&#8243; _builder_version=&#8220;4.24.3&#8243; _module_preset=&#8220;default&#8220; background_color=&#8220;#FFFFFF&#8220; custom_padding=&#8220;6vw|60px|6vw|60px|true|true&#8220; custom_padding_tablet=&#8220;30px|30px|30px|30px|true|true&#8220; custom_padding_phone=&#8220;20px|20px|20px|20px|true|true&#8220; custom_padding_last_edited=&#8220;on|desktop&#8220; global_colors_info=&#8220;{}&#8220;][et_pb_heading title=&#8220;Interesse geweckt? Reiche deine Idee ein!&#8220; _builder_version=&#8220;4.27.4&#8243; _module_preset=&#8220;_initial&#8220; title_level=&#8220;h2&#8243; title_font=&#8220;&#8211;et_global_heading_font|500|||||||&#8220; title_text_align=&#8220;center&#8220; title_font_size=&#8220;52px&#8220; title_line_height=&#8220;1.4em&#8220; custom_margin=&#8220;||10px||false|false&#8220; title_font_size_tablet=&#8220;32px&#8220; title_font_size_phone=&#8220;20px&#8220; title_font_size_last_edited=&#8220;on|desktop&#8220; global_colors_info=&#8220;{}&#8220;][\/et_pb_heading][et_pb_button button_url=&#8220;https:\/\/docs.google.com\/forms\/d\/e\/1FAIpQLScjrzMi4fDP6WxiZhSz-fkOyZqr8f4srasWkxJ4lTFBlEjYfw\/viewform?usp=header&#8220; button_text=&#8220;Hier gehts zum Formular&#8220; button_alignment=&#8220;center&#8220; _builder_version=&#8220;4.27.4&#8243; _module_preset=&#8220;default&#8220; global_colors_info=&#8220;{}&#8220;][\/et_pb_button][\/et_pb_column][\/et_pb_row][\/et_pb_section]<\/p>\n","protected":false},"excerpt":{"rendered":"<p>Design WettbewerbBringe deine Kreativit\u00e4t zum FilmfestGestalte den Look der Taunus Filmfest Troph\u00e4en! Du hast ein H\u00e4ndchen f\u00fcr Design \u2013 wir den passenden Wettbewerb daf\u00fcr!Beim Troph\u00e4en-Design-Wettbewerb des Taunus Filmfests Oberursel 2026 suchen wir kreative K\u00f6pfe, die unsere begehrte Troph\u00e4e gestalten m\u00f6chten. Ob minimalistisch, verspielt oder avantgardistisch \u2013 zeig uns, wie du den Geist des Festivals in [&hellip;]<\/p>\n","protected":false},"author":4,"featured_media":0,"parent":0,"menu_order":0,"comment_status":"closed","ping_status":"closed","template":"","meta":{"_et_pb_use_builder":"on","_et_pb_old_content":"","_et_gb_content_width":"","footnotes":""},"class_list":["post-3523","page","type-page","status-publish","hentry"],"_links":{"self":[{"href":"https:\/\/taunale.de\/en\/wp-json\/wp\/v2\/pages\/3523","targetHints":{"allow":["GET"]}}],"collection":[{"href":"https:\/\/taunale.de\/en\/wp-json\/wp\/v2\/pages"}],"about":[{"href":"https:\/\/taunale.de\/en\/wp-json\/wp\/v2\/types\/page"}],"author":[{"embeddable":true,"href":"https:\/\/taunale.de\/en\/wp-json\/wp\/v2\/users\/4"}],"replies":[{"embeddable":true,"href":"https:\/\/taunale.de\/en\/wp-json\/wp\/v2\/comments?post=3523"}],"version-history":[{"count":9,"href":"https:\/\/taunale.de\/en\/wp-json\/wp\/v2\/pages\/3523\/revisions"}],"predecessor-version":[{"id":3574,"href":"https:\/\/taunale.de\/en\/wp-json\/wp\/v2\/pages\/3523\/revisions\/3574"}],"wp:attachment":[{"href":"https:\/\/taunale.de\/en\/wp-json\/wp\/v2\/media?parent=3523"}],"curies":[{"name":"wp","href":"https:\/\/api.w.org\/{rel}","templated":true}]}}