{"id":85,"date":"2025-04-30T10:46:09","date_gmt":"2025-04-30T08:46:09","guid":{"rendered":"https:\/\/taunale.de\/?page_id=85"},"modified":"2026-04-08T10:35:28","modified_gmt":"2026-04-08T08:35:28","slug":"about","status":"publish","type":"page","link":"https:\/\/taunale.de\/en\/about\/","title":{"rendered":"About"},"content":{"rendered":"<p>[et_pb_section fb_built=&#8220;1&#8243; disabled_on=&#8220;on|on|off&#8220; _builder_version=&#8220;4.27.4&#8243; _module_preset=&#8220;default&#8220; custom_margin=&#8220;0px||0px||false|false&#8220; custom_padding=&#8220;0px||0px||false|false&#8220; locked=&#8220;off&#8220; global_colors_info=&#8220;{}&#8220;][et_pb_row _builder_version=&#8220;4.27.4&#8243; _module_preset=&#8220;default&#8220; custom_margin=&#8220;0px|0px|0px|0px|true|true&#8220; custom_padding=&#8220;0px|0px|0px|0px|false|true&#8220; global_colors_info=&#8220;{}&#8220;][et_pb_column type=&#8220;4_4&#8243; _builder_version=&#8220;4.27.4&#8243; _module_preset=&#8220;default&#8220; global_colors_info=&#8220;{}&#8220;][et_pb_video module_class=&#8220;divicake-autoplay-btn&#8220; _builder_version=&#8220;4.27.4&#8243; _module_preset=&#8220;default&#8220; background_enable_video_mp4=&#8220;off&#8220; width=&#8220;100vw&#8220; module_alignment=&#8220;center&#8220; height=&#8220;100%&#8220; custom_margin=&#8220;0px|0px|0px|0px|true|false&#8220; custom_padding=&#8220;0px|0px|0px|0px|false|false&#8220; global_colors_info=&#8220;{}&#8220;][\/et_pb_video][\/et_pb_column][\/et_pb_row][\/et_pb_section][et_pb_section fb_built=&#8220;1&#8243; _builder_version=&#8220;4.27.4&#8243; _module_preset=&#8220;default&#8220; custom_margin=&#8220;90px||||false|false&#8220; custom_margin_tablet=&#8220;90px||||false|false&#8220; custom_margin_phone=&#8220;90px||||false|false&#8220; custom_margin_last_edited=&#8220;on|desktop&#8220; global_colors_info=&#8220;{}&#8220;][et_pb_row _builder_version=&#8220;4.27.4&#8243; _module_preset=&#8220;default&#8220; global_colors_info=&#8220;{}&#8220;][et_pb_column type=&#8220;4_4&#8243; _builder_version=&#8220;4.27.4&#8243; _module_preset=&#8220;default&#8220; global_colors_info=&#8220;{}&#8220;][et_pb_text _builder_version=&#8220;4.27.4&#8243; _module_preset=&#8220;default&#8220; header_font=&#8220;|||on|||||&#8220; header_text_align=&#8220;center&#8220; header_text_color=&#8220;#303030&#8243; header_font_size=&#8220;60px&#8220; header_letter_spacing=&#8220;6px&#8220; global_colors_info=&#8220;{}&#8220;]<\/p>\n<h1>About<\/h1>\n<p>[\/et_pb_text][\/et_pb_column][\/et_pb_row][et_pb_row _builder_version=&#8220;4.27.4&#8243; _module_preset=&#8220;default&#8220; global_colors_info=&#8220;{}&#8220;][et_pb_column type=&#8220;4_4&#8243; _builder_version=&#8220;4.27.4&#8243; _module_preset=&#8220;default&#8220; global_colors_info=&#8220;{}&#8220;][et_pb_text _builder_version=&#8220;4.27.4&#8243; _module_preset=&#8220;default&#8220; text_text_color=&#8220;#303030&#8243; header_3_line_height=&#8220;2em&#8220; custom_margin=&#8220;||||true|false&#8220; custom_padding=&#8220;24px||24px||true|false&#8220; locked=&#8220;off&#8220; global_colors_info=&#8220;{}&#8220;]<\/p>\n<h3><strong>Tradition seit 2010<\/strong><\/h3>\n<p>Das Taunus Filmfest ist ein internationales Filmfestival mit Geschichte: Seit 2010 bringt es jedes Jahr im August Filmschaffende aus aller Welt nach Oberursel und in den Taunus. Was als kleines Kurzfilmfestival begann, ist heute ein wichtiger Treffpunkt f\u00fcr lokale, nationale und internationale Filmkultur.<\/p>\n<h3><strong>F\u00fcnf Tage Film &amp; Netzwerk<\/strong><\/h3>\n<p>Das Festival bietet f\u00fcnf Tage voller ausgew\u00e4hlter Kurz- und Langfilme, Workshops, Networking-Events und einem bunten Rahmenprogramm. Die besten Filme werden mit insgesamt 3.500 Euro pr\u00e4miert. Im Mittelpunkt steht das Miteinander: Hier begegnen sich Branchenprofis, Filmschaffende und Filmfans, um sich auszutauschen, voneinander zu lernen und gemeinsam neue Perspektiven zu entdecken. Das Festival ist ein lebendiger Ort des Dialogs \u2013 Filmkultur wird hier aktiv gelebt.<\/p>\n<h3><strong>Spotlight Filme &#8211; jedes Jahr ein anderes Thema im Fokus<\/strong><\/h3>\n<p class=\"my-2 [&amp;+p]:mt-4 [&amp;_strong:has(+br)]:inline-block [&amp;_strong:has(+br)]:pb-2\">Neben den regul\u00e4ren Wettbewerbskategorien vergeben wir jedes Jahr die Spotlight Awards\u2013 besondere Auszeichnungen f\u00fcr Filme, die sich in einer vom Filmfest gew\u00e4hlten Themenkategorie hervorheben. Diese Kategorie \u00e4ndert sich jedes Jahr und widmet sich jeweils einem aktuellen oder gesellschaftlich relevanten Schwerpunkt \u2013 zum Beispiel Food, Integration oder Umwelt.<\/p>\n<p><span style=\"text-decoration: underline;\">Spotlight Thema 2026<\/span><br \/>In Bewegung &#8211; On the road\u00a0<br \/>Eine Welt in Bewegung l\u00e4sst den Einzelnen im Ungleichgewicht, in Unruhe. Wo ist der neue Platz f\u00fcr mich? Vort\u00e4nzer oder Mitl\u00e4ufer? Dorf oder Metropole? R\u00fcckzug ins Private oder Flucht nach Vorne? Innerhalb des Spotlight Themas pr\u00e4miert das Taunus Filmfest den Film, der diese Suche verk\u00f6rpert und ihr ein Gesicht gibt. Diese Suche nach der Rolle des Individuums in Zeiten von Kriegsangst und k\u00fcnstlicher Intelligenz ist bei weitem nicht begrenzt auf den klassischen Road Movie. Sie spiegelt sich auch vielfach in Filmen wieder, welche die ge\u00e4nderte Bedeutung und Akzeptanz von gesellschaftlichen Regeln und Rollen thematisieren und in denen die Figuren eine letzte Chance der Befreiung suchen.<\/p>\n<h3><strong>Stark vernetzt<\/strong><\/h3>\n<p>Das Taunus Filmfest ist Mitglied im Verbund der Hessischen Filmfestivals und Gr\u00fcndungsmitglied der AG Filmfestival \u2013 und engagiert sich aktiv f\u00fcr Filmkultur und Austausch.<\/p>\n<h3><strong>Jetzt entdecken<\/strong><\/h3>\n<p>Jeden August l\u00e4dt das Festival dazu ein, Filmkunst neu zu erleben, spannende Begegnungen zu machen und die Vielfalt des internationalen Films im Taunus zu feiern.<\/p>\n<p>[\/et_pb_text][\/et_pb_column][\/et_pb_row][\/et_pb_section]<\/p>\n","protected":false},"excerpt":{"rendered":"<p>AboutTradition seit 2010 Das Taunus Filmfest ist ein internationales Filmfestival mit Geschichte: Seit 2010 bringt es jedes Jahr im August Filmschaffende aus aller Welt nach Oberursel und in den Taunus. Was als kleines Kurzfilmfestival begann, ist heute ein wichtiger Treffpunkt f\u00fcr lokale, nationale und internationale Filmkultur. F\u00fcnf Tage Film &amp; Netzwerk Das Festival bietet f\u00fcnf [&hellip;]<\/p>\n","protected":false},"author":2,"featured_media":0,"parent":0,"menu_order":0,"comment_status":"closed","ping_status":"closed","template":"","meta":{"_et_pb_use_builder":"on","_et_pb_old_content":"","_et_gb_content_width":"","footnotes":""},"class_list":["post-85","page","type-page","status-publish","hentry"],"_links":{"self":[{"href":"https:\/\/taunale.de\/en\/wp-json\/wp\/v2\/pages\/85","targetHints":{"allow":["GET"]}}],"collection":[{"href":"https:\/\/taunale.de\/en\/wp-json\/wp\/v2\/pages"}],"about":[{"href":"https:\/\/taunale.de\/en\/wp-json\/wp\/v2\/types\/page"}],"author":[{"embeddable":true,"href":"https:\/\/taunale.de\/en\/wp-json\/wp\/v2\/users\/2"}],"replies":[{"embeddable":true,"href":"https:\/\/taunale.de\/en\/wp-json\/wp\/v2\/comments?post=85"}],"version-history":[{"count":13,"href":"https:\/\/taunale.de\/en\/wp-json\/wp\/v2\/pages\/85\/revisions"}],"predecessor-version":[{"id":3585,"href":"https:\/\/taunale.de\/en\/wp-json\/wp\/v2\/pages\/85\/revisions\/3585"}],"wp:attachment":[{"href":"https:\/\/taunale.de\/en\/wp-json\/wp\/v2\/media?parent=85"}],"curies":[{"name":"wp","href":"https:\/\/api.w.org\/{rel}","templated":true}]}}