{"id":92,"date":"2025-04-30T15:24:22","date_gmt":"2025-04-30T13:24:22","guid":{"rendered":"https:\/\/taunale.de\/?page_id=92"},"modified":"2026-02-17T12:18:47","modified_gmt":"2026-02-17T11:18:47","slug":"impressum","status":"publish","type":"page","link":"https:\/\/taunale.de\/en\/impressum\/","title":{"rendered":"Imprint"},"content":{"rendered":"<p>[et_pb_section fb_built=&#8220;1&#8243; _builder_version=&#8220;4.27.4&#8243; _module_preset=&#8220;default&#8220; global_colors_info=&#8220;{}&#8220;][et_pb_row _builder_version=&#8220;4.27.4&#8243; _module_preset=&#8220;default&#8220; global_colors_info=&#8220;{}&#8220;][et_pb_column type=&#8220;4_4&#8243; _builder_version=&#8220;4.27.4&#8243; _module_preset=&#8220;default&#8220; global_colors_info=&#8220;{}&#8220;][et_pb_text _builder_version=&#8220;4.27.4&#8243; _module_preset=&#8220;default&#8220; header_font=&#8220;|||on|||||&#8220; header_text_align=&#8220;center&#8220; header_text_color=&#8220;#303030&#8243; header_font_size=&#8220;60px&#8220; header_letter_spacing=&#8220;6px&#8220; global_colors_info=&#8220;{}&#8220;]<\/p>\n<h1>Impressum<\/h1>\n<p>[\/et_pb_text][\/et_pb_column][\/et_pb_row][et_pb_row _builder_version=&#8220;4.27.4&#8243; _module_preset=&#8220;default&#8220; global_colors_info=&#8220;{}&#8220;][et_pb_column type=&#8220;4_4&#8243; _builder_version=&#8220;4.27.4&#8243; _module_preset=&#8220;default&#8220; global_colors_info=&#8220;{}&#8220;][et_pb_text _builder_version=&#8220;4.27.4&#8243; _module_preset=&#8220;default&#8220; text_font=&#8220;||||||||&#8220; text_text_color=&#8220;#303030&#8243; text_font_size=&#8220;16px&#8220; text_line_height=&#8220;1.6em&#8220; hover_enabled=&#8220;0&#8243; global_colors_info=&#8220;{}&#8220; sticky_enabled=&#8220;0&#8243;]<\/p>\n<h2 id=\"m46\">DIENSTEANBIETER<\/h2>\n<p>Taunus Filmkultur e.V. (gemeinn\u00fctzig)<br \/>Altk\u00f6nigstr. 17<br \/>61440 Oberursel \/Ts.<br \/><a href=\"http:\/\/www.van-ons.de\/\" target=\"_blank\" rel=\"noopener\">www.taunale.de<\/a><\/p>\n<p>Eingetragen im Vereinsregister Bad Homburg v.d.H. unter VR 2379<\/p>\n<p>Vorstand: Eva Debrodt, Alexander Mereien<\/p>\n<p>Webdesign by : <span style=\"text-decoration: underline;\"><a href=\"https:\/\/www.ynk-digital.de\/\">YNK Digitales Marketing &amp; Webdesign<\/a><\/span><\/p>\n<h2><\/h2>\n<h2 id=\"m56\">KONTAKTM\u00d6GLICHKEITEN<\/h2>\n<p><strong>E-Mail-Adresse:<\/strong>\u00a0<a href=\"mailto:welcome@taunale.de\">welcome@taunale.de<\/a><\/p>\n<h2><\/h2>\n<h2 id=\"m154\">JOURNALISTISCH-REDAKTIONELLE ANGEBOTE<\/h2>\n<p><strong>Inhaltlich verantwortlich:<\/strong>\u00a0Alexander Mereien (Adresse wie oben)<\/p>\n<h2><\/h2>\n<h2 id=\"m174\">ONLINE-STREITBEILEGUNG (OS)<\/h2>\n<p>Online-Streitbeilegung: Die Europ\u00e4ische Kommission stellt eine Plattform zur Online-Streitbeilegung (OS) bereit, die Sie unter\u00a0<a href=\"https:\/\/ec.europa.eu\/consumers\/odr\/\" target=\"_blank\" rel=\"noopener\">https:\/\/ec.europa.eu\/consumers\/odr\/<\/a>\u00a0finden. Verbraucher haben die M\u00f6glichkeit, diese Plattform f\u00fcr die Beilegung ihrer Streitigkeiten zu nutzen.<\/p>\n<h2><\/h2>\n<h2 id=\"m172\">SOCIAL MEDIA UND ANDERE ONLINEPR\u00c4SENZEN<\/h2>\n<p><strong>Dieses Impressum gilt auch f\u00fcr die folgenden Social-Media-Pr\u00e4senzen und Onlineprofile:<\/strong><\/p>\n<p><a href=\"https:\/\/www.facebook.com\/TaunusFilmfest\">https:\/\/www.facebook.com\/TaunusFilmfest<\/a><\/p>\n<h2><\/h2>\n<h2 id=\"m65\">HAFTUNGS- UND SCHUTZRECHTSHINWEISE<\/h2>\n<p><strong>Haftungsausschluss<\/strong>: Die Inhalte dieses Onlineangebotes wurden sorgf\u00e4ltig und nach unserem aktuellen Kenntnisstand erstellt, dienen jedoch nur der Information und entfalten keine rechtlich bindende Wirkung, sofern es sich nicht um gesetzlich verpflichtende Informationen (z.B. das Impressum, die Datenschutzerkl\u00e4rung, AGB oder verpflichtende Belehrungen von Verbrauchern) handelt. Wir behalten uns vor, die Inhalte vollst\u00e4ndig oder teilweise zu \u00e4ndern oder zu l\u00f6schen, soweit vertragliche Verpflichtungen unber\u00fchrt bleiben. Alle Angebote sind freibleibend und unverbindlich.<\/p>\n<p><strong>Links auf fremde Webseiten<\/strong>: Inhalte fremder Webseiten, auf die wir direkt oder indirekt verweisen, liegen au\u00dferhalb unseres Verantwortungsbereiches und machen wir uns nicht zu Eigen. F\u00fcr alle Inhalte und insbesondere f\u00fcr Sch\u00e4den, die aus der Nutzung der in den verlinkten Webseiten aufrufbaren Informationen entstehen, haftet allein der Anbieter der verlinkten Webseiten.<\/p>\n<p><strong>Urheberrechte und Markenrechte<\/strong>: Alle auf dieser Website dargestellten Inhalte, wie Texte, Fotografien, Grafiken, Marken und Warenzeichen sind durch die jeweiligen Schutzrechte (Urheberrechte, Markenrechte) gesch\u00fctzt. Die Verwendung, Vervielf\u00e4ltigung usw. unterliegen unseren Rechten oder den Rechten der jeweiligen Urheber bzw. Rechteverwalter.<\/p>\n<p><strong>Hinweise auf Rechtsverst\u00f6\u00dfe<\/strong>: Sollten Sie innerhalb unseres Internetauftritts Rechtsverst\u00f6\u00dfe bemerken, bitten wir Sie uns auf diese hinzuweisen. Wir werden rechtswidrige Inhalte und Links nach Kenntnisnahme unverz\u00fcglich entfernen.<\/p>\n<h2><\/h2>\n<h2 id=\"m169\">DESIGN<\/h2>\n<p><a href=\"https:\/\/www.ynk-digital.de\/\"><b>YNK Digitales Marketing &amp; Webdesign<\/b><\/a><\/p>\n<p><b><\/b><\/p>\n<h2 id=\"m169\">BILDNACHWEISE<\/h2>\n<p><strong>Bildquellen und Urheberrechtshinweise:<\/strong><\/p>\n<p>Sofern nicht anders gekennzeichnet liegen alle Bildrechte beim Betreiber der Seite. Bei verlinkten Inhalten, insbesondere zu Filmschaffenden, liegen die Rechte bei den Rechteinhabern der Inhalte.<\/p>\n<p>[\/et_pb_text][\/et_pb_column][\/et_pb_row][\/et_pb_section]<\/p>\n","protected":false},"excerpt":{"rendered":"<p>ImpressumDIENSTEANBIETER Taunus Filmkultur e.V. (gemeinn\u00fctzig)Altk\u00f6nigstr. 1761440 Oberursel \/Ts.www.taunale.de Eingetragen im Vereinsregister Bad Homburg v.d.H. unter VR 2379 Vorstand: Eva Debrodt, Alexander Mereien Webdesign by : YNK Digitales Marketing &amp; Webdesign KONTAKTM\u00d6GLICHKEITEN E-Mail-Adresse:\u00a0welcome@taunale.de JOURNALISTISCH-REDAKTIONELLE ANGEBOTE Inhaltlich verantwortlich:\u00a0Alexander Mereien (Adresse wie oben) ONLINE-STREITBEILEGUNG (OS) Online-Streitbeilegung: Die Europ\u00e4ische Kommission stellt eine Plattform zur Online-Streitbeilegung (OS) bereit, die Sie [&hellip;]<\/p>\n","protected":false},"author":2,"featured_media":0,"parent":0,"menu_order":0,"comment_status":"closed","ping_status":"closed","template":"","meta":{"_et_pb_use_builder":"on","_et_pb_old_content":"","_et_gb_content_width":"","footnotes":""},"class_list":["post-92","page","type-page","status-publish","hentry"],"_links":{"self":[{"href":"https:\/\/taunale.de\/en\/wp-json\/wp\/v2\/pages\/92","targetHints":{"allow":["GET"]}}],"collection":[{"href":"https:\/\/taunale.de\/en\/wp-json\/wp\/v2\/pages"}],"about":[{"href":"https:\/\/taunale.de\/en\/wp-json\/wp\/v2\/types\/page"}],"author":[{"embeddable":true,"href":"https:\/\/taunale.de\/en\/wp-json\/wp\/v2\/users\/2"}],"replies":[{"embeddable":true,"href":"https:\/\/taunale.de\/en\/wp-json\/wp\/v2\/comments?post=92"}],"version-history":[{"count":8,"href":"https:\/\/taunale.de\/en\/wp-json\/wp\/v2\/pages\/92\/revisions"}],"predecessor-version":[{"id":3562,"href":"https:\/\/taunale.de\/en\/wp-json\/wp\/v2\/pages\/92\/revisions\/3562"}],"wp:attachment":[{"href":"https:\/\/taunale.de\/en\/wp-json\/wp\/v2\/media?parent=92"}],"curies":[{"name":"wp","href":"https:\/\/api.w.org\/{rel}","templated":true}]}}